{"id":16478,"date":"2023-03-18T15:00:06","date_gmt":"2023-03-18T15:00:06","guid":{"rendered":"https:\/\/streamster.io\/?page_id=16478"},"modified":"2023-04-29T14:13:05","modified_gmt":"2023-04-29T14:13:05","slug":"solicitud-de-codigo-promocional","status":"publish","type":"page","link":"https:\/\/streamster.io\/es\/solicitud\/solicitud-de-codigo-promocional\/","title":{"rendered":"Solicitud de c\u00f3digo promocional"},"content":{"rendered":"<div class=\"wpb-content-wrapper\"><p>[vc_row][vc_column][tm_heading style=\u00bbbelow-separator\u00bb tag=\u00bbdiv\u00bb custom_google_font=\u00bb\u00bb google_fonts=\u00bbfont_family:Poppins%3A300%2Cregular%2C500%2C600%2C700|font_style:500%20medium%20regular%3A500%3Anormal\u00bb line_height=\u00bb1.8&#8243;]Complete el formulario a continuaci\u00f3n para obtener su c\u00f3digo de promoci\u00f3n personal que pueden usar sus afiliados.[\/tm_heading][tm_spacer size=\u00bblg:50&#8243;][tm_contact_form_7 id=\u00bb17683&#8243; style=\u00bb03&#8243;][tm_spacer size=\u00bblg:100&#8243;][\/vc_column][\/vc_row]<\/p>\n<\/div>","protected":false},"excerpt":{"rendered":"<p>[vc_row][vc_column][tm_heading style=\u00bbbelow-separator\u00bb tag=\u00bbdiv\u00bb custom_google_font=\u00bb\u00bb google_fonts=\u00bbfont_family:Poppins%3A300%2Cregular%2C500%2C600%2C700|font_style:500%20medium%20regular%3A500%3Anormal\u00bb line_height=\u00bb1.8&#8243;]Complete el formulario a continuaci\u00f3n para obtener su c\u00f3digo de promoci\u00f3n personal que pueden usar sus afiliados.[\/tm_heading][tm_spacer size=\u00bblg:50&#8243;][tm_contact_form_7 id=\u00bb17683&#8243; style=\u00bb03&#8243;][tm_spacer size=\u00bblg:100&#8243;][\/vc_column][\/vc_row]<\/p>\n","protected":false},"author":1,"featured_media":0,"parent":17695,"menu_order":0,"comment_status":"closed","ping_status":"closed","template":"","meta":{"inline_featured_image":false,"footnotes":""},"class_list":["post-16478","page","type-page","status-publish","hentry","post-no-thumbnail"],"yoast_head":"<!-- This site is optimized with the Yoast SEO plugin v22.5 - https:\/\/yoast.com\/wordpress\/plugins\/seo\/ -->\n<title>Solicitud de c\u00f3digo promocional | Streamster<\/title>\n<meta name=\"robots\" content=\"noindex, nofollow\" \/>\n<meta property=\"og:locale\" content=\"es_ES\" \/>\n<meta property=\"og:type\" content=\"article\" \/>\n<meta property=\"og:title\" content=\"Solicitud de c\u00f3digo promocional | Streamster\" \/>\n<meta property=\"og:description\" content=\"[vc_row][vc_column][tm_heading style=\u00bbbelow-separator\u00bb tag=\u00bbdiv\u00bb custom_google_font=\u00bb\u00bb google_fonts=\u00bbfont_family:Poppins%3A300%2Cregular%2C500%2C600%2C700|font_style:500%20medium%20regular%3A500%3Anormal\u00bb line_height=\u00bb1.8&#8243;]Complete el formulario a continuaci\u00f3n para obtener su c\u00f3digo de promoci\u00f3n personal que pueden usar sus afiliados.[\/tm_heading][tm_spacer size=\u00bblg:50&#8243;][tm_contact_form_7 id=\u00bb17683&#8243; style=\u00bb03&#8243;][tm_spacer size=\u00bblg:100&#8243;][\/vc_column][\/vc_row]\" \/>\n<meta property=\"og:url\" content=\"https:\/\/streamster.io\/application\/coupon-code-request\/\" \/>\n<meta property=\"og:site_name\" content=\"Streamster\" \/>\n<meta property=\"article:publisher\" content=\"https:\/\/www.facebook.com\/streamster.software\/\" \/>\n<meta property=\"article:modified_time\" content=\"2023-04-29T14:13:05+00:00\" \/>\n<meta property=\"og:image\" content=\"https:\/\/streamster.io\/wp-content\/uploads\/2021\/11\/Streamster-free-live-broadcasting-software-for-multistreaming.jpg\" \/>\n\t<meta property=\"og:image:width\" content=\"1200\" \/>\n\t<meta property=\"og:image:height\" content=\"548\" \/>\n\t<meta property=\"og:image:type\" content=\"image\/jpeg\" \/>\n<meta name=\"twitter:card\" content=\"summary_large_image\" \/>\n<meta name=\"twitter:site\" content=\"@streamster\" \/>\n<script type=\"application\/ld+json\" class=\"yoast-schema-graph\">{\"@context\":\"https:\/\/schema.org\",\"@graph\":[{\"@type\":\"WebPage\",\"@id\":\"https:\/\/streamster.io\/application\/coupon-code-request\/\",\"url\":\"https:\/\/streamster.io\/application\/coupon-code-request\/\",\"name\":\"Solicitud de c\u00f3digo promocional | Streamster\",\"isPartOf\":{\"@id\":\"https:\/\/streamster.io\/#website\"},\"datePublished\":\"2023-03-18T15:00:06+00:00\",\"dateModified\":\"2023-04-29T14:13:05+00:00\",\"breadcrumb\":{\"@id\":\"https:\/\/streamster.io\/application\/coupon-code-request\/#breadcrumb\"},\"inLanguage\":\"es\",\"potentialAction\":[{\"@type\":\"ReadAction\",\"target\":[\"https:\/\/streamster.io\/application\/coupon-code-request\/\"]}]},{\"@type\":\"BreadcrumbList\",\"@id\":\"https:\/\/streamster.io\/application\/coupon-code-request\/#breadcrumb\",\"itemListElement\":[{\"@type\":\"ListItem\",\"position\":1,\"name\":\"Solicitud\",\"item\":\"https:\/\/streamster.io\/es\/solicitud\/\"},{\"@type\":\"ListItem\",\"position\":2,\"name\":\"Solicitud de c\u00f3digo promocional\"}]},{\"@type\":\"WebSite\",\"@id\":\"https:\/\/streamster.io\/#website\",\"url\":\"https:\/\/streamster.io\/\",\"name\":\"Streamster\",\"description\":\"Live broadcasting software for multistreaming\",\"publisher\":{\"@id\":\"https:\/\/streamster.io\/#organization\"},\"potentialAction\":[{\"@type\":\"SearchAction\",\"target\":{\"@type\":\"EntryPoint\",\"urlTemplate\":\"https:\/\/streamster.io\/?s={search_term_string}\"},\"query-input\":\"required name=search_term_string\"}],\"inLanguage\":\"es\"},{\"@type\":\"Organization\",\"@id\":\"https:\/\/streamster.io\/#organization\",\"name\":\"Streamster\",\"url\":\"https:\/\/streamster.io\/\",\"logo\":{\"@type\":\"ImageObject\",\"inLanguage\":\"es\",\"@id\":\"https:\/\/streamster.io\/#\/schema\/logo\/image\/\",\"url\":\"https:\/\/streamster.io\/wp-content\/uploads\/2021\/06\/cropped-Streamster.png\",\"contentUrl\":\"https:\/\/streamster.io\/wp-content\/uploads\/2021\/06\/cropped-Streamster.png\",\"width\":512,\"height\":512,\"caption\":\"Streamster\"},\"image\":{\"@id\":\"https:\/\/streamster.io\/#\/schema\/logo\/image\/\"},\"sameAs\":[\"https:\/\/www.facebook.com\/streamster.software\/\",\"https:\/\/x.com\/streamster\",\"https:\/\/www.instagram.com\/streamster_\/\",\"https:\/\/www.linkedin.com\/company\/37003357\/\",\"https:\/\/www.youtube.com\/c\/Streamster\"]}]}<\/script>\n<!-- \/ Yoast SEO plugin. -->","yoast_head_json":{"title":"Solicitud de c\u00f3digo promocional | Streamster","robots":{"index":"noindex","follow":"nofollow"},"og_locale":"es_ES","og_type":"article","og_title":"Solicitud de c\u00f3digo promocional | Streamster","og_description":"[vc_row][vc_column][tm_heading style=\u00bbbelow-separator\u00bb tag=\u00bbdiv\u00bb custom_google_font=\u00bb\u00bb google_fonts=\u00bbfont_family:Poppins%3A300%2Cregular%2C500%2C600%2C700|font_style:500%20medium%20regular%3A500%3Anormal\u00bb line_height=\u00bb1.8&#8243;]Complete el formulario a continuaci\u00f3n para obtener su c\u00f3digo de promoci\u00f3n personal que pueden usar sus afiliados.[\/tm_heading][tm_spacer size=\u00bblg:50&#8243;][tm_contact_form_7 id=\u00bb17683&#8243; style=\u00bb03&#8243;][tm_spacer size=\u00bblg:100&#8243;][\/vc_column][\/vc_row]","og_url":"https:\/\/streamster.io\/application\/coupon-code-request\/","og_site_name":"Streamster","article_publisher":"https:\/\/www.facebook.com\/streamster.software\/","article_modified_time":"2023-04-29T14:13:05+00:00","og_image":[{"width":1200,"height":548,"url":"https:\/\/streamster.io\/wp-content\/uploads\/2021\/11\/Streamster-free-live-broadcasting-software-for-multistreaming.jpg","type":"image\/jpeg"}],"twitter_card":"summary_large_image","twitter_site":"@streamster","schema":{"@context":"https:\/\/schema.org","@graph":[{"@type":"WebPage","@id":"https:\/\/streamster.io\/application\/coupon-code-request\/","url":"https:\/\/streamster.io\/application\/coupon-code-request\/","name":"Solicitud de c\u00f3digo promocional | Streamster","isPartOf":{"@id":"https:\/\/streamster.io\/#website"},"datePublished":"2023-03-18T15:00:06+00:00","dateModified":"2023-04-29T14:13:05+00:00","breadcrumb":{"@id":"https:\/\/streamster.io\/application\/coupon-code-request\/#breadcrumb"},"inLanguage":"es","potentialAction":[{"@type":"ReadAction","target":["https:\/\/streamster.io\/application\/coupon-code-request\/"]}]},{"@type":"BreadcrumbList","@id":"https:\/\/streamster.io\/application\/coupon-code-request\/#breadcrumb","itemListElement":[{"@type":"ListItem","position":1,"name":"Solicitud","item":"https:\/\/streamster.io\/es\/solicitud\/"},{"@type":"ListItem","position":2,"name":"Solicitud de c\u00f3digo promocional"}]},{"@type":"WebSite","@id":"https:\/\/streamster.io\/#website","url":"https:\/\/streamster.io\/","name":"Streamster","description":"Live broadcasting software for multistreaming","publisher":{"@id":"https:\/\/streamster.io\/#organization"},"potentialAction":[{"@type":"SearchAction","target":{"@type":"EntryPoint","urlTemplate":"https:\/\/streamster.io\/?s={search_term_string}"},"query-input":"required name=search_term_string"}],"inLanguage":"es"},{"@type":"Organization","@id":"https:\/\/streamster.io\/#organization","name":"Streamster","url":"https:\/\/streamster.io\/","logo":{"@type":"ImageObject","inLanguage":"es","@id":"https:\/\/streamster.io\/#\/schema\/logo\/image\/","url":"https:\/\/streamster.io\/wp-content\/uploads\/2021\/06\/cropped-Streamster.png","contentUrl":"https:\/\/streamster.io\/wp-content\/uploads\/2021\/06\/cropped-Streamster.png","width":512,"height":512,"caption":"Streamster"},"image":{"@id":"https:\/\/streamster.io\/#\/schema\/logo\/image\/"},"sameAs":["https:\/\/www.facebook.com\/streamster.software\/","https:\/\/x.com\/streamster","https:\/\/www.instagram.com\/streamster_\/","https:\/\/www.linkedin.com\/company\/37003357\/","https:\/\/www.youtube.com\/c\/Streamster"]}]}},"_links":{"self":[{"href":"https:\/\/streamster.io\/es\/wp-json\/wp\/v2\/pages\/16478","targetHints":{"allow":["GET"]}}],"collection":[{"href":"https:\/\/streamster.io\/es\/wp-json\/wp\/v2\/pages"}],"about":[{"href":"https:\/\/streamster.io\/es\/wp-json\/wp\/v2\/types\/page"}],"author":[{"embeddable":true,"href":"https:\/\/streamster.io\/es\/wp-json\/wp\/v2\/users\/1"}],"replies":[{"embeddable":true,"href":"https:\/\/streamster.io\/es\/wp-json\/wp\/v2\/comments?post=16478"}],"version-history":[{"count":0,"href":"https:\/\/streamster.io\/es\/wp-json\/wp\/v2\/pages\/16478\/revisions"}],"up":[{"embeddable":true,"href":"https:\/\/streamster.io\/es\/wp-json\/wp\/v2\/pages\/17695"}],"wp:attachment":[{"href":"https:\/\/streamster.io\/es\/wp-json\/wp\/v2\/media?parent=16478"}],"curies":[{"name":"wp","href":"https:\/\/api.w.org\/{rel}","templated":true}]}}