{"id":18437,"date":"2023-05-01T12:13:13","date_gmt":"2023-05-01T12:13:13","guid":{"rendered":"https:\/\/streamster.io\/video-recording\/"},"modified":"2023-07-15T12:05:42","modified_gmt":"2023-07-15T12:05:42","slug":"video-recording","status":"publish","type":"page","link":"https:\/\/streamster.io\/es\/funciones\/video-recording\/","title":{"rendered":"Grabaci\u00f3n de video"},"content":{"rendered":"<div class=\"wpb-content-wrapper\"><p>[vc_row][vc_column][tm_spacer size=\u00bbsm:20;lg:40&#8243;][tm_heading style=\u00bbmodern\u00bb tag=\u00bbh2&#8243; custom_google_font=\u00bb\u00bb font_weight=\u00bb400&#8243; animation=\u00bbmove-left\u00bb line_height=\u00bb2&#8243;]<mark>FUNCI\u00d3N DE GRABACI\u00d3N DE VIDEO<\/mark>[\/tm_heading][tm_spacer size=\u00bblg:20&#8243;][tm_heading tag=\u00bbdiv\u00bb custom_google_font=\u00bb\u00bb google_fonts=\u00bbfont_family:Poppins%3A300%2Cregular%2C500%2C600%2C700|font_style:300%20light%20regular%3A300%3Anormal\u00bb font_weight=\u00bb300&#8243; font_size=\u00bblg:18&#8243; line_height=\u00bb2&#8243; sm_spacing=\u00bbmargin_left:5&#8243;]Con Streamster, tambi\u00e9n puedes grabar tu transmisi\u00f3n en vivo para que puedas compartirla m\u00e1s tarde con un p\u00fablico m\u00e1s amplio, incluso si no pudieron estar all\u00ed en ese momento.[\/tm_heading][tm_spacer size=\u00bblg:10&#8243;][tm_heading tag=\u00bbdiv\u00bb custom_google_font=\u00bb\u00bb google_fonts=\u00bbfont_family:Poppins%3A300%2Cregular%2C500%2C600%2C700|font_style:300%20light%20regular%3A300%3Anormal\u00bb font_weight=\u00bb300&#8243; font_size=\u00bblg:18&#8243; line_height=\u00bb2&#8243; sm_spacing=\u00bbmargin_left:5&#8243;]Lo mejor de todo es que tambi\u00e9n puedes revisar la transmisi\u00f3n, editarla, identificar \u00e1reas de mejora y reutilizarla para obtener el m\u00e1ximo impacto. Es f\u00e1cil con Streamster.[\/tm_heading][tm_spacer size=\u00bblg:30&#8243;][tm_heading style=\u00bbmodern\u00bb tag=\u00bbh2&#8243; custom_google_font=\u00bb\u00bb font_weight=\u00bb400&#8243; animation=\u00bbmove-left\u00bb line_height=\u00bb2&#8243;]<mark>GRABACI\u00d3N DE VIDEO CON STREAMSTER<\/mark>[\/tm_heading][tm_spacer size=\u00bblg:20&#8243;][tm_heading tag=\u00bbdiv\u00bb custom_google_font=\u00bb\u00bb google_fonts=\u00bbfont_family:Poppins%3A300%2Cregular%2C500%2C600%2C700|font_style:300%20light%20regular%3A300%3Anormal\u00bb font_weight=\u00bb300&#8243; font_size=\u00bblg:18&#8243; line_height=\u00bb2&#8243; sm_spacing=\u00bbmargin_left:5&#8243;]La funci\u00f3n de grabaci\u00f3n de video est\u00e1 disponible en la aplicaci\u00f3n de escritorio Streamster de FORMA GRATUITA. Incluso si eliges no transmitir tu contenido en vivo, puedes grabarlo, guardarlo en tu computadora y compartirlo m\u00e1s tarde.[\/tm_heading][tm_spacer size=\u00bblg:10&#8243;][tm_heading tag=\u00bbdiv\u00bb custom_google_font=\u00bb\u00bb google_fonts=\u00bbfont_family:Poppins%3A300%2Cregular%2C500%2C600%2C700|font_style:300%20light%20regular%3A300%3Anormal\u00bb font_weight=\u00bb300&#8243; font_size=\u00bblg:18&#8243; line_height=\u00bb2&#8243; sm_spacing=\u00bbmargin_left:5&#8243;]Adem\u00e1s de grabar video desde una c\u00e1mara web, tambi\u00e9n puedes guardar una grabaci\u00f3n desde tu pantalla o una aplicaci\u00f3n de tu preferencia.[\/tm_heading][tm_spacer size=\u00bblg:10&#8243;][tm_heading tag=\u00bbdiv\u00bb custom_google_font=\u00bb\u00bb google_fonts=\u00bbfont_family:Poppins%3A300%2Cregular%2C500%2C600%2C700|font_style:300%20light%20regular%3A300%3Anormal\u00bb font_weight=\u00bb300&#8243; font_size=\u00bblg:18&#8243; line_height=\u00bb2&#8243; sm_spacing=\u00bbmargin_left:5&#8243;]La aplicaci\u00f3n m\u00f3vil Streamster actualmente no permite grabar video desde tu tel\u00e9fono inteligente, pero puedes usarlo como un control remoto para grabar video desde tu computadora. Cuando inicies la aplicaci\u00f3n Streamster en tu PC, puedes comenzar a grabar de forma remota y el archivo se almacenar\u00e1 en el disco duro de tu computadora.[\/tm_heading][tm_spacer size=\u00bblg:50&#8243;][\/vc_column][\/vc_row][vc_row full_width=\u00bbstretch_row\u00bb background_color=\u00bbcustom\u00bb custom_background_color=\u00bb#f8f8f8&#8243;][vc_column][tm_spacer size=\u00bblg:40&#8243;][tm_heading tag=\u00bbh2&#8243; custom_google_font=\u00bb\u00bb font_weight=\u00bb400&#8243; animation=\u00bbmove-left\u00bb]<mark>Preguntas Frecuentes<\/mark>[\/tm_heading][tm_spacer size=\u00bblg:30&#8243;][tm_accordion multi_open=\u00bb1&#8243; items=\u00bb%5B%7B%22title%22%3A%22%C2%BFQu%C3%A9%20extensiones%20tienen%20los%20archivos%20grabados%3F%22%2C%22content%22%3A%22La%20aplicaci%C3%B3n%20Streamster%20graban%20archivos%20en%20formatos%20MP4%20o%20FLV.%20Puedes%20cambiarlos%20en%20la%20configuraci%C3%B3n%20de%20la%20aplicaci%C3%B3n.%22%7D%2C%7B%22title%22%3A%22%C2%BFPuedo%20transmitir%20y%20grabar%20el%20video%20al%20mismo%20tiempo%3F%22%2C%22content%22%3A%22%C2%A1Claro!%20Si%20transmites%20con%20la%20aplicaci%C3%B3n%20de%20escritorio%20Streamster%2C%20tambi%C3%A9n%20puedes%20grabar%20el%20video%20en%20tu%20PC%20si%20as%C3%AD%20lo%20requieres.%22%7D%2C%7B%22title%22%3A%22%C2%BFEs%20gratis%3F%22%2C%22content%22%3A%22S%C3%AD%2C%20la%20funci%C3%B3n%20est%C3%A1%20disponible%20en%20la%20versi%C3%B3n%20GRATUITA%20de%20la%20aplicaci%C3%B3n.%5Cn%22%7D%5D\u00bb][tm_spacer size=\u00bblg:70&#8243;][\/vc_column][\/vc_row]<\/p>\n<\/div>","protected":false},"excerpt":{"rendered":"<p>[vc_row][vc_column][tm_spacer size=\u00bbsm:20;lg:40&#8243;][tm_heading style=\u00bbmodern\u00bb tag=\u00bbh2&#8243; custom_google_font=\u00bb\u00bb font_weight=\u00bb400&#8243; animation=\u00bbmove-left\u00bb line_height=\u00bb2&#8243;]FUNCI\u00d3N DE GRABACI\u00d3N DE VIDEO[\/tm_heading][tm_spacer size=\u00bblg:20&#8243;][tm_heading tag=\u00bbdiv\u00bb custom_google_font=\u00bb\u00bb google_fonts=\u00bbfont_family:Poppins%3A300%2Cregular%2C500%2C600%2C700|font_style:300%20light%20regular%3A300%3Anormal\u00bb font_weight=\u00bb300&#8243; font_size=\u00bblg:18&#8243; line_height=\u00bb2&#8243; sm_spacing=\u00bbmargin_left:5&#8243;]Con Streamster, tambi\u00e9n puedes grabar tu transmisi\u00f3n en vivo para que puedas compartirla m\u00e1s tarde con un p\u00fablico m\u00e1s amplio, incluso si no pudieron estar all\u00ed en ese momento.[\/tm_heading][tm_spacer size=\u00bblg:10&#8243;][tm_heading tag=\u00bbdiv\u00bb custom_google_font=\u00bb\u00bb google_fonts=\u00bbfont_family:Poppins%3A300%2Cregular%2C500%2C600%2C700|font_style:300%20light%20regular%3A300%3Anormal\u00bb font_weight=\u00bb300&#8243; font_size=\u00bblg:18&#8243; line_height=\u00bb2&#8243; sm_spacing=\u00bbmargin_left:5&#8243;]Lo mejor de todo es que tambi\u00e9n puedes revisar la transmisi\u00f3n, editarla, identificar \u00e1reas de mejora y reutilizarla para obtener el m\u00e1ximo impacto. Es f\u00e1cil con Streamster.[\/tm_heading][tm_spacer size=\u00bblg:30&#8243;][tm_heading style=\u00bbmodern\u00bb tag=\u00bbh2&#8243; custom_google_font=\u00bb\u00bb font_weight=\u00bb400&#8243; animation=\u00bbmove-left\u00bb line_height=\u00bb2&#8243;]GRABACI\u00d3N DE VIDEO CON STREAMSTER[\/tm_heading][tm_spacer size=\u00bblg:20&#8243;][tm_heading tag=\u00bbdiv\u00bb custom_google_font=\u00bb\u00bb google_fonts=\u00bbfont_family:Poppins%3A300%2Cregular%2C500%2C600%2C700|font_style:300%20light%20regular%3A300%3Anormal\u00bb font_weight=\u00bb300&#8243; font_size=\u00bblg:18&#8243; line_height=\u00bb2&#8243; sm_spacing=\u00bbmargin_left:5&#8243;]La funci\u00f3n de grabaci\u00f3n de video est\u00e1 disponible en la aplicaci\u00f3n de escritorio Streamster de FORMA GRATUITA. Incluso si eliges no transmitir tu contenido en vivo, puedes grabarlo, guardarlo en tu computadora y compartirlo m\u00e1s tarde.[\/tm_heading][tm_spacer size=\u00bblg:10&#8243;][tm_heading tag=\u00bbdiv\u00bb custom_google_font=\u00bb\u00bb google_fonts=\u00bbfont_family:Poppins%3A300%2Cregular%2C500%2C600%2C700|font_style:300%20light%20regular%3A300%3Anormal\u00bb font_weight=\u00bb300&#8243; font_size=\u00bblg:18&#8243; line_height=\u00bb2&#8243; sm_spacing=\u00bbmargin_left:5&#8243;]Adem\u00e1s de grabar video desde una c\u00e1mara web, tambi\u00e9n puedes guardar una grabaci\u00f3n desde tu pantalla o una aplicaci\u00f3n de tu preferencia.[\/tm_heading][tm_spacer size=\u00bblg:10&#8243;][tm_heading tag=\u00bbdiv\u00bb custom_google_font=\u00bb\u00bb google_fonts=\u00bbfont_family:Poppins%3A300%2Cregular%2C500%2C600%2C700|font_style:300%20light%20regular%3A300%3Anormal\u00bb font_weight=\u00bb300&#8243; font_size=\u00bblg:18&#8243; line_height=\u00bb2&#8243; sm_spacing=\u00bbmargin_left:5&#8243;]La aplicaci\u00f3n m\u00f3vil Streamster actualmente no permite grabar video desde tu tel\u00e9fono inteligente, pero puedes usarlo como un control remoto para grabar video desde tu computadora. Cuando inicies la aplicaci\u00f3n Streamster en tu PC, puedes comenzar a grabar de forma remota y el archivo se almacenar\u00e1 en el disco duro de tu computadora.[\/tm_heading][tm_spacer size=\u00bblg:50&#8243;][\/vc_column][\/vc_row][vc_row full_width=\u00bbstretch_row\u00bb background_color=\u00bbcustom\u00bb custom_background_color=\u00bb#f8f8f8&#8243;][vc_column][tm_spacer size=\u00bblg:40&#8243;][tm_heading tag=\u00bbh2&#8243; custom_google_font=\u00bb\u00bb font_weight=\u00bb400&#8243; animation=\u00bbmove-left\u00bb]Preguntas Frecuentes[\/tm_heading][tm_spacer size=\u00bblg:30&#8243;][tm_accordion multi_open=\u00bb1&#8243; items=\u00bb%5B%7B%22title%22%3A%22%C2%BFQu%C3%A9%20extensiones%20tienen%20los%20archivos%20grabados%3F%22%2C%22content%22%3A%22La%20aplicaci%C3%B3n%20Streamster%20graban%20archivos%20en%20formatos%20MP4%20o%20FLV.%20Puedes%20cambiarlos%20en%20la%20configuraci%C3%B3n%20de%20la%20aplicaci%C3%B3n.%22%7D%2C%7B%22title%22%3A%22%C2%BFPuedo%20transmitir%20y%20grabar%20el%20video%20al%20mismo%20tiempo%3F%22%2C%22content%22%3A%22%C2%A1Claro!%20Si%20transmites%20con%20la%20aplicaci%C3%B3n%20de%20escritorio%20Streamster%2C%20tambi%C3%A9n%20puedes%20grabar%20el%20video%20en%20tu%20PC%20si%20as%C3%AD%20lo%20requieres.%22%7D%2C%7B%22title%22%3A%22%C2%BFEs%20gratis%3F%22%2C%22content%22%3A%22S%C3%AD%2C%20la%20funci%C3%B3n%20est%C3%A1%20disponible%20en%20la%20versi%C3%B3n%20GRATUITA%20de%20la%20aplicaci%C3%B3n.%5Cn%22%7D%5D\u00bb][tm_spacer size=\u00bblg:70&#8243;][\/vc_column][\/vc_row]<\/p>\n","protected":false},"author":1,"featured_media":0,"parent":18395,"menu_order":0,"comment_status":"closed","ping_status":"closed","template":"","meta":{"inline_featured_image":false,"footnotes":""},"class_list":["post-18437","page","type-page","status-publish","hentry","post-no-thumbnail"],"yoast_head":"<!-- This site is optimized with the Yoast SEO plugin v22.5 - https:\/\/yoast.com\/wordpress\/plugins\/seo\/ -->\n<title>Grabaci\u00f3n de video<\/title>\n<meta name=\"description\" content=\"143 \/ 5,000Translation resultsTranslation resultGrabe su transmisi\u00f3n en vivo o cualquier otro video con Streamster. Capture su c\u00e1mara web, pantalla, ventana o navegador web y combine fuentes f\u00e1cilmente.\" \/>\n<meta name=\"robots\" content=\"index, follow, max-snippet:-1, max-image-preview:large, max-video-preview:-1\" \/>\n<link rel=\"canonical\" href=\"https:\/\/streamster.io\/features\/video-recording\/\" \/>\n<meta property=\"og:locale\" content=\"es_ES\" \/>\n<meta property=\"og:type\" content=\"article\" \/>\n<meta property=\"og:title\" content=\"Grabaci\u00f3n de video\" \/>\n<meta property=\"og:description\" content=\"143 \/ 5,000Translation resultsTranslation resultGrabe su transmisi\u00f3n en vivo o cualquier otro video con Streamster. Capture su c\u00e1mara web, pantalla, ventana o navegador web y combine fuentes f\u00e1cilmente.\" \/>\n<meta property=\"og:url\" content=\"https:\/\/streamster.io\/features\/video-recording\/\" \/>\n<meta property=\"og:site_name\" content=\"Streamster\" \/>\n<meta property=\"article:publisher\" content=\"https:\/\/www.facebook.com\/streamster.software\/\" \/>\n<meta property=\"article:modified_time\" content=\"2023-07-15T12:05:42+00:00\" \/>\n<meta property=\"og:image\" content=\"https:\/\/streamster.io\/wp-content\/uploads\/2021\/11\/Streamster-free-live-broadcasting-software-for-multistreaming.jpg\" \/>\n\t<meta property=\"og:image:width\" content=\"1200\" \/>\n\t<meta property=\"og:image:height\" content=\"548\" \/>\n\t<meta property=\"og:image:type\" content=\"image\/jpeg\" \/>\n<meta name=\"twitter:card\" content=\"summary_large_image\" \/>\n<meta name=\"twitter:site\" content=\"@streamster\" \/>\n<meta name=\"twitter:label1\" content=\"Tiempo de lectura\" \/>\n\t<meta name=\"twitter:data1\" content=\"2 minutos\" \/>\n<script type=\"application\/ld+json\" class=\"yoast-schema-graph\">{\"@context\":\"https:\/\/schema.org\",\"@graph\":[{\"@type\":\"WebPage\",\"@id\":\"https:\/\/streamster.io\/features\/video-recording\/\",\"url\":\"https:\/\/streamster.io\/features\/video-recording\/\",\"name\":\"Grabaci\u00f3n de video\",\"isPartOf\":{\"@id\":\"https:\/\/streamster.io\/#website\"},\"datePublished\":\"2023-05-01T12:13:13+00:00\",\"dateModified\":\"2023-07-15T12:05:42+00:00\",\"description\":\"143 \/ 5,000Translation resultsTranslation resultGrabe su transmisi\u00f3n en vivo o cualquier otro video con Streamster. Capture su c\u00e1mara web, pantalla, ventana o navegador web y combine fuentes f\u00e1cilmente.\",\"breadcrumb\":{\"@id\":\"https:\/\/streamster.io\/features\/video-recording\/#breadcrumb\"},\"inLanguage\":\"es\",\"potentialAction\":[{\"@type\":\"ReadAction\",\"target\":[\"https:\/\/streamster.io\/features\/video-recording\/\"]}]},{\"@type\":\"BreadcrumbList\",\"@id\":\"https:\/\/streamster.io\/features\/video-recording\/#breadcrumb\",\"itemListElement\":[{\"@type\":\"ListItem\",\"position\":1,\"name\":\"Funciones\",\"item\":\"https:\/\/streamster.io\/es\/funciones\/\"},{\"@type\":\"ListItem\",\"position\":2,\"name\":\"Grabaci\u00f3n de video\"}]},{\"@type\":\"WebSite\",\"@id\":\"https:\/\/streamster.io\/#website\",\"url\":\"https:\/\/streamster.io\/\",\"name\":\"Streamster\",\"description\":\"Live broadcasting software for multistreaming\",\"publisher\":{\"@id\":\"https:\/\/streamster.io\/#organization\"},\"potentialAction\":[{\"@type\":\"SearchAction\",\"target\":{\"@type\":\"EntryPoint\",\"urlTemplate\":\"https:\/\/streamster.io\/?s={search_term_string}\"},\"query-input\":\"required name=search_term_string\"}],\"inLanguage\":\"es\"},{\"@type\":\"Organization\",\"@id\":\"https:\/\/streamster.io\/#organization\",\"name\":\"Streamster\",\"url\":\"https:\/\/streamster.io\/\",\"logo\":{\"@type\":\"ImageObject\",\"inLanguage\":\"es\",\"@id\":\"https:\/\/streamster.io\/#\/schema\/logo\/image\/\",\"url\":\"https:\/\/streamster.io\/wp-content\/uploads\/2021\/06\/cropped-Streamster.png\",\"contentUrl\":\"https:\/\/streamster.io\/wp-content\/uploads\/2021\/06\/cropped-Streamster.png\",\"width\":512,\"height\":512,\"caption\":\"Streamster\"},\"image\":{\"@id\":\"https:\/\/streamster.io\/#\/schema\/logo\/image\/\"},\"sameAs\":[\"https:\/\/www.facebook.com\/streamster.software\/\",\"https:\/\/x.com\/streamster\",\"https:\/\/www.instagram.com\/streamster_\/\",\"https:\/\/www.linkedin.com\/company\/37003357\/\",\"https:\/\/www.youtube.com\/c\/Streamster\"]}]}<\/script>\n<!-- \/ Yoast SEO plugin. -->","yoast_head_json":{"title":"Grabaci\u00f3n de video","description":"143 \/ 5,000Translation resultsTranslation resultGrabe su transmisi\u00f3n en vivo o cualquier otro video con Streamster. Capture su c\u00e1mara web, pantalla, ventana o navegador web y combine fuentes f\u00e1cilmente.","robots":{"index":"index","follow":"follow","max-snippet":"max-snippet:-1","max-image-preview":"max-image-preview:large","max-video-preview":"max-video-preview:-1"},"canonical":"https:\/\/streamster.io\/features\/video-recording\/","og_locale":"es_ES","og_type":"article","og_title":"Grabaci\u00f3n de video","og_description":"143 \/ 5,000Translation resultsTranslation resultGrabe su transmisi\u00f3n en vivo o cualquier otro video con Streamster. Capture su c\u00e1mara web, pantalla, ventana o navegador web y combine fuentes f\u00e1cilmente.","og_url":"https:\/\/streamster.io\/features\/video-recording\/","og_site_name":"Streamster","article_publisher":"https:\/\/www.facebook.com\/streamster.software\/","article_modified_time":"2023-07-15T12:05:42+00:00","og_image":[{"width":1200,"height":548,"url":"https:\/\/streamster.io\/wp-content\/uploads\/2021\/11\/Streamster-free-live-broadcasting-software-for-multistreaming.jpg","type":"image\/jpeg"}],"twitter_card":"summary_large_image","twitter_site":"@streamster","twitter_misc":{"Tiempo de lectura":"2 minutos"},"schema":{"@context":"https:\/\/schema.org","@graph":[{"@type":"WebPage","@id":"https:\/\/streamster.io\/features\/video-recording\/","url":"https:\/\/streamster.io\/features\/video-recording\/","name":"Grabaci\u00f3n de video","isPartOf":{"@id":"https:\/\/streamster.io\/#website"},"datePublished":"2023-05-01T12:13:13+00:00","dateModified":"2023-07-15T12:05:42+00:00","description":"143 \/ 5,000Translation resultsTranslation resultGrabe su transmisi\u00f3n en vivo o cualquier otro video con Streamster. Capture su c\u00e1mara web, pantalla, ventana o navegador web y combine fuentes f\u00e1cilmente.","breadcrumb":{"@id":"https:\/\/streamster.io\/features\/video-recording\/#breadcrumb"},"inLanguage":"es","potentialAction":[{"@type":"ReadAction","target":["https:\/\/streamster.io\/features\/video-recording\/"]}]},{"@type":"BreadcrumbList","@id":"https:\/\/streamster.io\/features\/video-recording\/#breadcrumb","itemListElement":[{"@type":"ListItem","position":1,"name":"Funciones","item":"https:\/\/streamster.io\/es\/funciones\/"},{"@type":"ListItem","position":2,"name":"Grabaci\u00f3n de video"}]},{"@type":"WebSite","@id":"https:\/\/streamster.io\/#website","url":"https:\/\/streamster.io\/","name":"Streamster","description":"Live broadcasting software for multistreaming","publisher":{"@id":"https:\/\/streamster.io\/#organization"},"potentialAction":[{"@type":"SearchAction","target":{"@type":"EntryPoint","urlTemplate":"https:\/\/streamster.io\/?s={search_term_string}"},"query-input":"required name=search_term_string"}],"inLanguage":"es"},{"@type":"Organization","@id":"https:\/\/streamster.io\/#organization","name":"Streamster","url":"https:\/\/streamster.io\/","logo":{"@type":"ImageObject","inLanguage":"es","@id":"https:\/\/streamster.io\/#\/schema\/logo\/image\/","url":"https:\/\/streamster.io\/wp-content\/uploads\/2021\/06\/cropped-Streamster.png","contentUrl":"https:\/\/streamster.io\/wp-content\/uploads\/2021\/06\/cropped-Streamster.png","width":512,"height":512,"caption":"Streamster"},"image":{"@id":"https:\/\/streamster.io\/#\/schema\/logo\/image\/"},"sameAs":["https:\/\/www.facebook.com\/streamster.software\/","https:\/\/x.com\/streamster","https:\/\/www.instagram.com\/streamster_\/","https:\/\/www.linkedin.com\/company\/37003357\/","https:\/\/www.youtube.com\/c\/Streamster"]}]}},"_links":{"self":[{"href":"https:\/\/streamster.io\/es\/wp-json\/wp\/v2\/pages\/18437","targetHints":{"allow":["GET"]}}],"collection":[{"href":"https:\/\/streamster.io\/es\/wp-json\/wp\/v2\/pages"}],"about":[{"href":"https:\/\/streamster.io\/es\/wp-json\/wp\/v2\/types\/page"}],"author":[{"embeddable":true,"href":"https:\/\/streamster.io\/es\/wp-json\/wp\/v2\/users\/1"}],"replies":[{"embeddable":true,"href":"https:\/\/streamster.io\/es\/wp-json\/wp\/v2\/comments?post=18437"}],"version-history":[{"count":0,"href":"https:\/\/streamster.io\/es\/wp-json\/wp\/v2\/pages\/18437\/revisions"}],"up":[{"embeddable":true,"href":"https:\/\/streamster.io\/es\/wp-json\/wp\/v2\/pages\/18395"}],"wp:attachment":[{"href":"https:\/\/streamster.io\/es\/wp-json\/wp\/v2\/media?parent=18437"}],"curies":[{"name":"wp","href":"https:\/\/api.w.org\/{rel}","templated":true}]}}