{"id":20223,"date":"2023-07-30T09:45:32","date_gmt":"2023-07-30T09:45:32","guid":{"rendered":"https:\/\/streamster.io\/share-live-video\/"},"modified":"2023-08-24T20:41:16","modified_gmt":"2023-08-24T20:41:16","slug":"share-live-video","status":"publish","type":"page","link":"https:\/\/streamster.io\/es\/funciones\/share-live-video\/","title":{"rendered":"Comparte tu v\u00eddeo en vivo"},"content":{"rendered":"<div class=\"wpb-content-wrapper\"><p>[vc_row][vc_column][tm_spacer size=\u00bbsm:20;lg:40&#8243;][tm_heading tag=\u00bbdiv\u00bb custom_google_font=\u00bb\u00bb font_weight=\u00bb300&#8243; animation=\u00bbmove-right\u00bb font_size=\u00bblg:18&#8243; line_height=\u00bb2&#8243;]Con Streamster, puedes compartir tu transmisi\u00f3n en vivo directamente con un amigo sin necesidad de publicarla en una plataforma de transmisi\u00f3n o mientras se transmite a otros destinos. Simplemente genera tu enlace \u00fanico de transmisi\u00f3n en vivo y comp\u00e1rtelo con quien quieras. Tu transmisi\u00f3n en vivo estar\u00e1 disponible con una latencia de menos de un segundo.[\/tm_heading][tm_spacer size=\u00bblg:20&#8243;][\/vc_column][\/vc_row][vc_row content_placement=\u00bbmiddle\u00bb][vc_column width=\u00bb1\/2&#8243;][tm_heading tag=\u00bbdiv\u00bb custom_google_font=\u00bb\u00bb font_weight=\u00bb300&#8243; animation=\u00bbmove-right\u00bb font_size=\u00bblg:18&#8243; line_height=\u00bb2&#8243;]Para crear tu video en vivo para compartir, puedes usar:[\/tm_heading][tm_spacer size=\u00bblg:20&#8243;][tm_heading style=\u00bbleft-line\u00bb tag=\u00bbdiv\u00bb custom_google_font=\u00bb\u00bb google_fonts=\u00bbfont_family:Poppins%3A300%2Cregular%2C500%2C600%2C700|font_style:300%20light%20regular%3A300%3Anormal\u00bb font_weight=\u00bb300&#8243; font_size=\u00bblg:18&#8243; line_height=\u00bb2&#8243; sm_spacing=\u00bbmargin_left:5&#8243;]<i class=\"far fa-check\"><\/i> Tu PC  (utilizando la <a href=\"https:\/\/streamster.io\/es\/productos\/software-gratuito-de-streaming-en-directo\/\">aplicaci\u00f3n de escritorio Streamster<\/a>).<br \/>\n<i class=\"far fa-check\"><\/i> Tu dispositivo m\u00f3vil (utilizando la <a href=\"https:\/\/streamster.io\/es\/productos\/aplicacion-de-transmision-movil\/\">aplicaci\u00f3n m\u00f3vil Streamster<\/a>).<br \/>\n<i class=\"far fa-check\"><\/i> Cualquier otro dispositivo con una funci\u00f3n de transmisi\u00f3n en vivo.[\/tm_heading][tm_spacer size=\u00bblg:20&#8243;][tm_heading tag=\u00bbdiv\u00bb custom_google_font=\u00bb\u00bb font_weight=\u00bb300&#8243; animation=\u00bbmove-right\u00bb font_size=\u00bblg:18&#8243; line_height=\u00bb2&#8243;]Tu enlace caduca cuando cierras la aplicaci\u00f3n para que puedas controlar completamente qui\u00e9n ve tu contenido en streaming. La funci\u00f3n est\u00e1 disponible con todos los planes, incluido el gratuito.[\/tm_heading][tm_spacer size=\u00bblg:20&#8243;][\/vc_column][vc_column width=\u00bb1\/2&#8243; content_position=\u00bbmiddle\u00bb lg_spacing=\u00bbpadding_left:79&#8243; md_spacing=\u00bbpadding_left:15&#8243;][tm_image align=\u00bbright\u00bb image=\u00bb20041&#8243; rounded=\u00bb4&#8243;][tm_spacer size=\u00bblg:30&#8243;][\/vc_column][\/vc_row][vc_row][vc_column][tm_heading tag=\u00bbdiv\u00bb custom_google_font=\u00bb\u00bb font_weight=\u00bb300&#8243; animation=\u00bbmove-right\u00bb font_size=\u00bblg:18&#8243; line_height=\u00bb2&#8243;]Hasta 3 espectadores pueden ver tu video en vivo con el enlace de video en directo de Streamster. Por lo tanto, no recomendamos publicar el enlace para evitar exceder el l\u00edmite.[\/tm_heading][tm_spacer size=\u00bblg:20&#8243;][\/vc_column][\/vc_row][vc_row][vc_column][vc_tta_accordion style=\u00bbflat\u00bb color=\u00bbwhite\u00bb active_section=\u00bb7&#8243; collapsible_all=\u00bbtrue\u00bb][vc_tta_section title=\u00bbC\u00f3mo compartir su enlace de video en vivo con la aplicaci\u00f3n de escritorio Streamster\u00bb tab_id=\u00bb1682459398009-2a45bd69-70711690666811864&#8243;][tm_heading tag=\u00bbdiv\u00bb custom_google_font=\u00bb\u00bb animation=\u00bbmove-right\u00bb font_size=\u00bblg:17&#8243; line_height=\u00bb2&#8243;]1. Configura tu escena de video en la aplicaci\u00f3n de escritorio Streamster.[\/tm_heading][tm_spacer size=\u00bblg:20&#8243;][tm_heading tag=\u00bbdiv\u00bb custom_google_font=\u00bb\u00bb animation=\u00bbmove-right\u00bb font_size=\u00bblg:17&#8243; line_height=\u00bb2&#8243;]2. Haz clic en ajustes.[\/tm_heading][tm_spacer size=\u00bblg:10&#8243;][tm_image image_size=\u00bbcustom\u00bb image=\u00bb20055&#8243; image_size_width=\u00bb600&#8243;][tm_spacer size=\u00bblg:20&#8243;][tm_heading tag=\u00bbdiv\u00bb custom_google_font=\u00bb\u00bb animation=\u00bbmove-right\u00bb font_size=\u00bblg:17&#8243; line_height=\u00bb2&#8243;]3. Elige la opci\u00f3n \u00abShow Url\u00bb.[\/tm_heading][tm_spacer size=\u00bblg:10&#8243;][tm_image image_size=\u00bbcustom\u00bb image=\u00bb20058&#8243; image_size_width=\u00bb600&#8243;][tm_spacer size=\u00bblg:20&#8243;][tm_heading tag=\u00bbdiv\u00bb custom_google_font=\u00bb\u00bb animation=\u00bbmove-right\u00bb font_size=\u00bblg:17&#8243; line_height=\u00bb2&#8243;]4. Copia el enlace y env\u00edalo a la persona con quien quieras compartir tu transmisi\u00f3n.[\/tm_heading][tm_spacer size=\u00bblg:10&#8243;][tm_image image_size=\u00bbcustom\u00bb image=\u00bb20061&#8243; image_size_width=\u00bb600&#8243;][tm_spacer size=\u00bblg:20&#8243;][tm_heading tag=\u00bbdiv\u00bb custom_google_font=\u00bb\u00bb animation=\u00bbmove-right\u00bb font_size=\u00bblg:17&#8243; line_height=\u00bb2&#8243;]5. Aseg\u00farate de que tu transmisi\u00f3n a la nube se haya iniciado para que tu transmisi\u00f3n en vivo sea visible para el espectador.[\/tm_heading][tm_spacer size=\u00bblg:10&#8243;][tm_image image_size=\u00bbcustom\u00bb image=\u00bb20127&#8243; image_size_width=\u00bb600&#8243;][tm_spacer size=\u00bblg:20&#8243;][tm_heading tag=\u00bbdiv\u00bb custom_google_font=\u00bb\u00bb animation=\u00bbmove-right\u00bb font_size=\u00bblg:17&#8243; line_height=\u00bb2&#8243;]Ten en cuenta que el enlace se regenera cada vez que vuelves a iniciar la aplicaci\u00f3n.<br \/>\n[\/tm_heading][tm_spacer size=\u00bblg:30&#8243;][\/vc_tta_section][\/vc_tta_accordion][\/vc_column][\/vc_row][vc_row][vc_column][tm_spacer size=\u00bblg:50&#8243;][\/vc_column][\/vc_row][vc_row full_width=\u00bbstretch_row\u00bb background_color=\u00bbcustom\u00bb custom_background_color=\u00bb#f8f8f8&#8243;][vc_column][tm_spacer size=\u00bblg:40&#8243;][tm_heading tag=\u00bbh2&#8243; custom_google_font=\u00bb\u00bb font_weight=\u00bb700&#8243; animation=\u00bbmove-left\u00bb line_height=\u00bb2&#8243;]<mark>Preguntas Frecuentes<\/mark>[\/tm_heading][tm_spacer size=\u00bblg:10&#8243;][tm_accordion items=\u00bb%5B%7B%22title%22%3A%22%C2%BFQu%C3%A9%20sucede%20si%20el%20n%C3%BAmero%20de%20espectadores%20supera%20el%20l%C3%ADmite%3F%22%2C%22content%22%3A%22Si%20hay%20m%C3%A1s%20espectadores%20que%20tu%20l%C3%ADmite%2C%20la%20transmisi%C3%B3n%20no%20estar%C3%A1%20disponible%20para%20una%20de%20las%20vistas%20conectadas%20anteriormente.%20Te%20recomendamos%20que%20solo%20compartas%20el%20enlace%20con%20el%20n%C3%BAmero%20limitado%20de%20espectadores.%22%7D%2C%7B%22title%22%3A%22%C2%BFPuedo%20incrustar%20mi%20transmisi%C3%B3n%20en%20vivo%20en%20mi%20sitio%20web%3F%20%22%2C%22content%22%3A%22Actualmente%2C%20no%20puedes%20incrustar%20tu%20transmisi%C3%B3n%20en%20vivo%20en%20tu%20sitio%20web%20porque%20el%20reproductor%20de%20video%20generado%20por%20el%20enlace%20se%20abre%20en%20una%20ventana%20separada%20del%20navegador.%22%7D%2C%7B%22title%22%3A%22%C2%BFPuedo%20compartir%20el%20enlace%20a%20trav%C3%A9s%20de%20Internet%3F%22%2C%22content%22%3A%22Si.%20Pero%20recomendamos%20que%20evites%20hacer%20esto%20porque%3A%5Cna)%20el%20n%C3%BAmero%20de%20espectadores%20es%20limitado%20y%2C%5Cnb)%20el%20enlace%20se%20regenera%20cada%20vez%20que%20inicias%20Streamster.%5Cn%22%7D%5D\u00bb][tm_spacer size=\u00bblg:70&#8243;][\/vc_column][\/vc_row]<\/p>\n<\/div>","protected":false},"excerpt":{"rendered":"<p>[vc_row][vc_column][tm_spacer size=\u00bbsm:20;lg:40&#8243;][tm_heading tag=\u00bbdiv\u00bb custom_google_font=\u00bb\u00bb font_weight=\u00bb300&#8243; animation=\u00bbmove-right\u00bb font_size=\u00bblg:18&#8243; line_height=\u00bb2&#8243;]Con Streamster, puedes compartir tu transmisi\u00f3n en vivo directamente con un amigo sin necesidad de publicarla en una plataforma de transmisi\u00f3n o mientras se transmite a otros destinos. Simplemente genera tu enlace \u00fanico de transmisi\u00f3n en vivo y comp\u00e1rtelo con quien quieras. Tu transmisi\u00f3n en vivo estar\u00e1 disponible con una latencia de menos de un segundo.[\/tm_heading][tm_spacer size=\u00bblg:20&#8243;][\/vc_column][\/vc_row][vc_row content_placement=\u00bbmiddle\u00bb][vc_column width=\u00bb1\/2&#8243;][tm_heading tag=\u00bbdiv\u00bb custom_google_font=\u00bb\u00bb font_weight=\u00bb300&#8243; animation=\u00bbmove-right\u00bb font_size=\u00bblg:18&#8243; line_height=\u00bb2&#8243;]Para crear tu video en vivo para compartir, puedes usar:[\/tm_heading][tm_spacer size=\u00bblg:20&#8243;][tm_heading style=\u00bbleft-line\u00bb tag=\u00bbdiv\u00bb custom_google_font=\u00bb\u00bb google_fonts=\u00bbfont_family:Poppins%3A300%2Cregular%2C500%2C600%2C700|font_style:300%20light%20regular%3A300%3Anormal\u00bb font_weight=\u00bb300&#8243; font_size=\u00bblg:18&#8243; line_height=\u00bb2&#8243; sm_spacing=\u00bbmargin_left:5&#8243;] Tu PC (utilizando la aplicaci\u00f3n de escritorio Streamster). Tu dispositivo m\u00f3vil (utilizando la aplicaci\u00f3n m\u00f3vil Streamster). Cualquier otro dispositivo con una funci\u00f3n de transmisi\u00f3n en vivo.[\/tm_heading][tm_spacer size=\u00bblg:20&#8243;][tm_heading tag=\u00bbdiv\u00bb custom_google_font=\u00bb\u00bb font_weight=\u00bb300&#8243; animation=\u00bbmove-right\u00bb font_size=\u00bblg:18&#8243; line_height=\u00bb2&#8243;]Tu enlace caduca cuando cierras la aplicaci\u00f3n para que puedas controlar completamente qui\u00e9n ve tu contenido en streaming. La funci\u00f3n est\u00e1 disponible con todos los planes, incluido el gratuito.[\/tm_heading][tm_spacer size=\u00bblg:20&#8243;][\/vc_column][vc_column width=\u00bb1\/2&#8243; content_position=\u00bbmiddle\u00bb lg_spacing=\u00bbpadding_left:79&#8243; md_spacing=\u00bbpadding_left:15&#8243;][tm_image align=\u00bbright\u00bb image=\u00bb20041&#8243; rounded=\u00bb4&#8243;][tm_spacer size=\u00bblg:30&#8243;][\/vc_column][\/vc_row][vc_row][vc_column][tm_heading tag=\u00bbdiv\u00bb custom_google_font=\u00bb\u00bb font_weight=\u00bb300&#8243; animation=\u00bbmove-right\u00bb font_size=\u00bblg:18&#8243; line_height=\u00bb2&#8243;]Hasta 3 espectadores pueden ver tu video en vivo con el enlace de video en directo de Streamster. Por lo tanto, no recomendamos publicar el enlace para evitar exceder el l\u00edmite.[\/tm_heading][tm_spacer size=\u00bblg:20&#8243;][\/vc_column][\/vc_row][vc_row][vc_column][vc_tta_accordion style=\u00bbflat\u00bb color=\u00bbwhite\u00bb active_section=\u00bb7&#8243; collapsible_all=\u00bbtrue\u00bb][vc_tta_section title=\u00bbC\u00f3mo compartir su enlace de video en vivo con la aplicaci\u00f3n de escritorio Streamster\u00bb tab_id=\u00bb1682459398009-2a45bd69-70711690666811864&#8243;][tm_heading tag=\u00bbdiv\u00bb custom_google_font=\u00bb\u00bb animation=\u00bbmove-right\u00bb font_size=\u00bblg:17&#8243; line_height=\u00bb2&#8243;]1. Configura tu escena de video en la aplicaci\u00f3n de escritorio Streamster.[\/tm_heading][tm_spacer size=\u00bblg:20&#8243;][tm_heading tag=\u00bbdiv\u00bb custom_google_font=\u00bb\u00bb animation=\u00bbmove-right\u00bb font_size=\u00bblg:17&#8243; line_height=\u00bb2&#8243;]2. Haz clic en ajustes.[\/tm_heading][tm_spacer size=\u00bblg:10&#8243;][tm_image image_size=\u00bbcustom\u00bb image=\u00bb20055&#8243; image_size_width=\u00bb600&#8243;][tm_spacer size=\u00bblg:20&#8243;][tm_heading tag=\u00bbdiv\u00bb custom_google_font=\u00bb\u00bb animation=\u00bbmove-right\u00bb font_size=\u00bblg:17&#8243; line_height=\u00bb2&#8243;]3. Elige la opci\u00f3n \u00abShow Url\u00bb.[\/tm_heading][tm_spacer size=\u00bblg:10&#8243;][tm_image image_size=\u00bbcustom\u00bb image=\u00bb20058&#8243; image_size_width=\u00bb600&#8243;][tm_spacer size=\u00bblg:20&#8243;][tm_heading tag=\u00bbdiv\u00bb custom_google_font=\u00bb\u00bb animation=\u00bbmove-right\u00bb font_size=\u00bblg:17&#8243; line_height=\u00bb2&#8243;]4. Copia el enlace y env\u00edalo a la persona con quien quieras compartir tu transmisi\u00f3n.[\/tm_heading][tm_spacer size=\u00bblg:10&#8243;][tm_image image_size=\u00bbcustom\u00bb image=\u00bb20061&#8243; image_size_width=\u00bb600&#8243;][tm_spacer size=\u00bblg:20&#8243;][tm_heading tag=\u00bbdiv\u00bb custom_google_font=\u00bb\u00bb animation=\u00bbmove-right\u00bb font_size=\u00bblg:17&#8243; line_height=\u00bb2&#8243;]5. Aseg\u00farate de que tu transmisi\u00f3n a la nube se haya iniciado para que tu transmisi\u00f3n en vivo sea visible para el espectador.[\/tm_heading][tm_spacer size=\u00bblg:10&#8243;][tm_image image_size=\u00bbcustom\u00bb image=\u00bb20127&#8243; image_size_width=\u00bb600&#8243;][tm_spacer size=\u00bblg:20&#8243;][tm_heading tag=\u00bbdiv\u00bb custom_google_font=\u00bb\u00bb animation=\u00bbmove-right\u00bb font_size=\u00bblg:17&#8243; line_height=\u00bb2&#8243;]Ten en cuenta que el enlace se regenera cada vez que vuelves a iniciar la aplicaci\u00f3n. [\/tm_heading][tm_spacer size=\u00bblg:30&#8243;][\/vc_tta_section][\/vc_tta_accordion][\/vc_column][\/vc_row][vc_row][vc_column][tm_spacer size=\u00bblg:50&#8243;][\/vc_column][\/vc_row][vc_row full_width=\u00bbstretch_row\u00bb background_color=\u00bbcustom\u00bb custom_background_color=\u00bb#f8f8f8&#8243;][vc_column][tm_spacer size=\u00bblg:40&#8243;][tm_heading tag=\u00bbh2&#8243; custom_google_font=\u00bb\u00bb font_weight=\u00bb700&#8243; animation=\u00bbmove-left\u00bb line_height=\u00bb2&#8243;]Preguntas Frecuentes[\/tm_heading][tm_spacer size=\u00bblg:10&#8243;][tm_accordion items=\u00bb%5B%7B%22title%22%3A%22%C2%BFQu%C3%A9%20sucede%20si%20el%20n%C3%BAmero%20de%20espectadores%20supera%20el%20l%C3%ADmite%3F%22%2C%22content%22%3A%22Si%20hay%20m%C3%A1s%20espectadores%20que%20tu%20l%C3%ADmite%2C%20la%20transmisi%C3%B3n%20no%20estar%C3%A1%20disponible%20para%20una%20de%20las%20vistas%20conectadas%20anteriormente.%20Te%20recomendamos%20que%20solo%20compartas%20el%20enlace%20con%20el%20n%C3%BAmero%20limitado%20de%20espectadores.%22%7D%2C%7B%22title%22%3A%22%C2%BFPuedo%20incrustar%20mi%20transmisi%C3%B3n%20en%20vivo%20en%20mi%20sitio%20web%3F%20%22%2C%22content%22%3A%22Actualmente%2C%20no%20puedes%20incrustar%20tu%20transmisi%C3%B3n%20en%20vivo%20en%20tu%20sitio%20web%20porque%20el%20reproductor%20de%20video%20generado%20por%20el%20enlace%20se%20abre%20en%20una%20ventana%20separada%20del%20navegador.%22%7D%2C%7B%22title%22%3A%22%C2%BFPuedo%20compartir%20el%20enlace%20a%20trav%C3%A9s%20de%20Internet%3F%22%2C%22content%22%3A%22Si.%20Pero%20recomendamos%20que%20evites%20hacer%20esto%20porque%3A%5Cna)%20el%20n%C3%BAmero%20de%20espectadores%20es%20limitado%20y%2C%5Cnb)%20el%20enlace%20se%20regenera%20cada%20vez%20que%20inicias%20Streamster.%5Cn%22%7D%5D\u00bb][tm_spacer size=\u00bblg:70&#8243;][\/vc_column][\/vc_row]<\/p>\n","protected":false},"author":1,"featured_media":20043,"parent":18395,"menu_order":0,"comment_status":"closed","ping_status":"closed","template":"","meta":{"inline_featured_image":false,"footnotes":""},"class_list":["post-20223","page","type-page","status-publish","has-post-thumbnail","hentry"],"yoast_head":"<!-- This site is optimized with the Yoast SEO plugin v22.5 - https:\/\/yoast.com\/wordpress\/plugins\/seo\/ -->\n<title>Comparte tu v\u00eddeo en vivo | Streamster<\/title>\n<meta name=\"description\" content=\"Comparta su enlace directo de transmisi\u00f3n en vivo con un amigo exclusivamente o mientras transmite a plataformas de transmisi\u00f3n.\" \/>\n<meta name=\"robots\" content=\"index, follow, max-snippet:-1, max-image-preview:large, max-video-preview:-1\" \/>\n<link rel=\"canonical\" href=\"https:\/\/streamster.io\/features\/share-live-video\/\" \/>\n<meta property=\"og:locale\" content=\"es_ES\" \/>\n<meta property=\"og:type\" content=\"article\" \/>\n<meta property=\"og:title\" content=\"Comparte tu v\u00eddeo en vivo | Streamster\" \/>\n<meta property=\"og:description\" content=\"Comparta su enlace directo de transmisi\u00f3n en vivo con un amigo exclusivamente o mientras transmite a plataformas de transmisi\u00f3n.\" \/>\n<meta property=\"og:url\" content=\"https:\/\/streamster.io\/features\/share-live-video\/\" \/>\n<meta property=\"og:site_name\" content=\"Streamster\" \/>\n<meta property=\"article:publisher\" content=\"https:\/\/www.facebook.com\/streamster.software\/\" \/>\n<meta property=\"article:modified_time\" content=\"2023-08-24T20:41:16+00:00\" \/>\n<meta property=\"og:image\" content=\"https:\/\/streamster.io\/wp-content\/uploads\/2023\/07\/Livestream-link.jpg\" \/>\n\t<meta property=\"og:image:width\" content=\"800\" \/>\n\t<meta property=\"og:image:height\" content=\"546\" \/>\n\t<meta property=\"og:image:type\" content=\"image\/jpeg\" \/>\n<meta name=\"twitter:card\" content=\"summary_large_image\" \/>\n<meta name=\"twitter:site\" content=\"@streamster\" \/>\n<meta name=\"twitter:label1\" content=\"Tiempo de lectura\" \/>\n\t<meta name=\"twitter:data1\" content=\"5 minutos\" \/>\n<script type=\"application\/ld+json\" class=\"yoast-schema-graph\">{\"@context\":\"https:\/\/schema.org\",\"@graph\":[{\"@type\":\"WebPage\",\"@id\":\"https:\/\/streamster.io\/features\/share-live-video\/\",\"url\":\"https:\/\/streamster.io\/features\/share-live-video\/\",\"name\":\"Comparte tu v\u00eddeo en vivo | Streamster\",\"isPartOf\":{\"@id\":\"https:\/\/streamster.io\/#website\"},\"primaryImageOfPage\":{\"@id\":\"https:\/\/streamster.io\/features\/share-live-video\/#primaryimage\"},\"image\":{\"@id\":\"https:\/\/streamster.io\/features\/share-live-video\/#primaryimage\"},\"thumbnailUrl\":\"https:\/\/streamster.io\/wp-content\/uploads\/2023\/07\/Livestream-link.jpg\",\"datePublished\":\"2023-07-30T09:45:32+00:00\",\"dateModified\":\"2023-08-24T20:41:16+00:00\",\"description\":\"Comparta su enlace directo de transmisi\u00f3n en vivo con un amigo exclusivamente o mientras transmite a plataformas de transmisi\u00f3n.\",\"breadcrumb\":{\"@id\":\"https:\/\/streamster.io\/features\/share-live-video\/#breadcrumb\"},\"inLanguage\":\"es\",\"potentialAction\":[{\"@type\":\"ReadAction\",\"target\":[\"https:\/\/streamster.io\/features\/share-live-video\/\"]}]},{\"@type\":\"ImageObject\",\"inLanguage\":\"es\",\"@id\":\"https:\/\/streamster.io\/features\/share-live-video\/#primaryimage\",\"url\":\"https:\/\/streamster.io\/wp-content\/uploads\/2023\/07\/Livestream-link.jpg\",\"contentUrl\":\"https:\/\/streamster.io\/wp-content\/uploads\/2023\/07\/Livestream-link.jpg\",\"width\":800,\"height\":546,\"caption\":\"Share live video\"},{\"@type\":\"BreadcrumbList\",\"@id\":\"https:\/\/streamster.io\/features\/share-live-video\/#breadcrumb\",\"itemListElement\":[{\"@type\":\"ListItem\",\"position\":1,\"name\":\"Funciones\",\"item\":\"https:\/\/streamster.io\/es\/funciones\/\"},{\"@type\":\"ListItem\",\"position\":2,\"name\":\"Comparte tu v\u00eddeo en vivo\"}]},{\"@type\":\"WebSite\",\"@id\":\"https:\/\/streamster.io\/#website\",\"url\":\"https:\/\/streamster.io\/\",\"name\":\"Streamster\",\"description\":\"Live broadcasting software for multistreaming\",\"publisher\":{\"@id\":\"https:\/\/streamster.io\/#organization\"},\"potentialAction\":[{\"@type\":\"SearchAction\",\"target\":{\"@type\":\"EntryPoint\",\"urlTemplate\":\"https:\/\/streamster.io\/?s={search_term_string}\"},\"query-input\":\"required name=search_term_string\"}],\"inLanguage\":\"es\"},{\"@type\":\"Organization\",\"@id\":\"https:\/\/streamster.io\/#organization\",\"name\":\"Streamster\",\"url\":\"https:\/\/streamster.io\/\",\"logo\":{\"@type\":\"ImageObject\",\"inLanguage\":\"es\",\"@id\":\"https:\/\/streamster.io\/#\/schema\/logo\/image\/\",\"url\":\"https:\/\/streamster.io\/wp-content\/uploads\/2021\/06\/cropped-Streamster.png\",\"contentUrl\":\"https:\/\/streamster.io\/wp-content\/uploads\/2021\/06\/cropped-Streamster.png\",\"width\":512,\"height\":512,\"caption\":\"Streamster\"},\"image\":{\"@id\":\"https:\/\/streamster.io\/#\/schema\/logo\/image\/\"},\"sameAs\":[\"https:\/\/www.facebook.com\/streamster.software\/\",\"https:\/\/x.com\/streamster\",\"https:\/\/www.instagram.com\/streamster_\/\",\"https:\/\/www.linkedin.com\/company\/37003357\/\",\"https:\/\/www.youtube.com\/c\/Streamster\"]}]}<\/script>\n<!-- \/ Yoast SEO plugin. -->","yoast_head_json":{"title":"Comparte tu v\u00eddeo en vivo | Streamster","description":"Comparta su enlace directo de transmisi\u00f3n en vivo con un amigo exclusivamente o mientras transmite a plataformas de transmisi\u00f3n.","robots":{"index":"index","follow":"follow","max-snippet":"max-snippet:-1","max-image-preview":"max-image-preview:large","max-video-preview":"max-video-preview:-1"},"canonical":"https:\/\/streamster.io\/features\/share-live-video\/","og_locale":"es_ES","og_type":"article","og_title":"Comparte tu v\u00eddeo en vivo | Streamster","og_description":"Comparta su enlace directo de transmisi\u00f3n en vivo con un amigo exclusivamente o mientras transmite a plataformas de transmisi\u00f3n.","og_url":"https:\/\/streamster.io\/features\/share-live-video\/","og_site_name":"Streamster","article_publisher":"https:\/\/www.facebook.com\/streamster.software\/","article_modified_time":"2023-08-24T20:41:16+00:00","og_image":[{"width":800,"height":546,"url":"https:\/\/streamster.io\/wp-content\/uploads\/2023\/07\/Livestream-link.jpg","type":"image\/jpeg"}],"twitter_card":"summary_large_image","twitter_site":"@streamster","twitter_misc":{"Tiempo de lectura":"5 minutos"},"schema":{"@context":"https:\/\/schema.org","@graph":[{"@type":"WebPage","@id":"https:\/\/streamster.io\/features\/share-live-video\/","url":"https:\/\/streamster.io\/features\/share-live-video\/","name":"Comparte tu v\u00eddeo en vivo | Streamster","isPartOf":{"@id":"https:\/\/streamster.io\/#website"},"primaryImageOfPage":{"@id":"https:\/\/streamster.io\/features\/share-live-video\/#primaryimage"},"image":{"@id":"https:\/\/streamster.io\/features\/share-live-video\/#primaryimage"},"thumbnailUrl":"https:\/\/streamster.io\/wp-content\/uploads\/2023\/07\/Livestream-link.jpg","datePublished":"2023-07-30T09:45:32+00:00","dateModified":"2023-08-24T20:41:16+00:00","description":"Comparta su enlace directo de transmisi\u00f3n en vivo con un amigo exclusivamente o mientras transmite a plataformas de transmisi\u00f3n.","breadcrumb":{"@id":"https:\/\/streamster.io\/features\/share-live-video\/#breadcrumb"},"inLanguage":"es","potentialAction":[{"@type":"ReadAction","target":["https:\/\/streamster.io\/features\/share-live-video\/"]}]},{"@type":"ImageObject","inLanguage":"es","@id":"https:\/\/streamster.io\/features\/share-live-video\/#primaryimage","url":"https:\/\/streamster.io\/wp-content\/uploads\/2023\/07\/Livestream-link.jpg","contentUrl":"https:\/\/streamster.io\/wp-content\/uploads\/2023\/07\/Livestream-link.jpg","width":800,"height":546,"caption":"Share live video"},{"@type":"BreadcrumbList","@id":"https:\/\/streamster.io\/features\/share-live-video\/#breadcrumb","itemListElement":[{"@type":"ListItem","position":1,"name":"Funciones","item":"https:\/\/streamster.io\/es\/funciones\/"},{"@type":"ListItem","position":2,"name":"Comparte tu v\u00eddeo en vivo"}]},{"@type":"WebSite","@id":"https:\/\/streamster.io\/#website","url":"https:\/\/streamster.io\/","name":"Streamster","description":"Live broadcasting software for multistreaming","publisher":{"@id":"https:\/\/streamster.io\/#organization"},"potentialAction":[{"@type":"SearchAction","target":{"@type":"EntryPoint","urlTemplate":"https:\/\/streamster.io\/?s={search_term_string}"},"query-input":"required name=search_term_string"}],"inLanguage":"es"},{"@type":"Organization","@id":"https:\/\/streamster.io\/#organization","name":"Streamster","url":"https:\/\/streamster.io\/","logo":{"@type":"ImageObject","inLanguage":"es","@id":"https:\/\/streamster.io\/#\/schema\/logo\/image\/","url":"https:\/\/streamster.io\/wp-content\/uploads\/2021\/06\/cropped-Streamster.png","contentUrl":"https:\/\/streamster.io\/wp-content\/uploads\/2021\/06\/cropped-Streamster.png","width":512,"height":512,"caption":"Streamster"},"image":{"@id":"https:\/\/streamster.io\/#\/schema\/logo\/image\/"},"sameAs":["https:\/\/www.facebook.com\/streamster.software\/","https:\/\/x.com\/streamster","https:\/\/www.instagram.com\/streamster_\/","https:\/\/www.linkedin.com\/company\/37003357\/","https:\/\/www.youtube.com\/c\/Streamster"]}]}},"_links":{"self":[{"href":"https:\/\/streamster.io\/es\/wp-json\/wp\/v2\/pages\/20223","targetHints":{"allow":["GET"]}}],"collection":[{"href":"https:\/\/streamster.io\/es\/wp-json\/wp\/v2\/pages"}],"about":[{"href":"https:\/\/streamster.io\/es\/wp-json\/wp\/v2\/types\/page"}],"author":[{"embeddable":true,"href":"https:\/\/streamster.io\/es\/wp-json\/wp\/v2\/users\/1"}],"replies":[{"embeddable":true,"href":"https:\/\/streamster.io\/es\/wp-json\/wp\/v2\/comments?post=20223"}],"version-history":[{"count":0,"href":"https:\/\/streamster.io\/es\/wp-json\/wp\/v2\/pages\/20223\/revisions"}],"up":[{"embeddable":true,"href":"https:\/\/streamster.io\/es\/wp-json\/wp\/v2\/pages\/18395"}],"wp:featuredmedia":[{"embeddable":true,"href":"https:\/\/streamster.io\/es\/wp-json\/wp\/v2\/media\/20043"}],"wp:attachment":[{"href":"https:\/\/streamster.io\/es\/wp-json\/wp\/v2\/media?parent=20223"}],"curies":[{"name":"wp","href":"https:\/\/api.w.org\/{rel}","templated":true}]}}