{"id":25828,"date":"2024-09-19T21:39:35","date_gmt":"2024-09-19T21:39:35","guid":{"rendered":"https:\/\/streamster.io\/mytipmenu-custom-interactive-overlay-for-cam-sites\/"},"modified":"2024-10-15T13:10:45","modified_gmt":"2024-10-15T13:10:45","slug":"mytipmenu-custom-interactive-overlay-for-cam-sites","status":"publish","type":"page","link":"https:\/\/streamster.io\/es\/funciones\/mytipmenu-custom-interactive-overlay-for-cam-sites\/","title":{"rendered":"MyTipMenu: Una Herramienta Esencial para Modelos de Webcam"},"content":{"rendered":"<div class=\"wpb-content-wrapper\"><p>[vc_row][vc_column][tm_heading tag=\u00bbdiv\u00bb custom_google_font=\u00bb\u00bb font_weight=\u00bb300&#8243; font_size=\u00bblg:18&#8243;]En el competitivo mundo del streaming en vivo, los modelos de c\u00e1mara siempre buscan maneras de hacer sus transmisiones m\u00e1s atractivas y rentables. Una de las herramientas m\u00e1s innovadoras para lograrlo es MyTipMenu, que permite a los modelos agregar un men\u00fa de propinas como superposici\u00f3n directamente en sus transmisiones. Esto no solo facilita la interacci\u00f3n con los espectadores, sino que tambi\u00e9n puede aumentar significativamente los ingresos. Beneficios de MyTipMenu:[\/tm_heading][tm_spacer size=\u00bblg:30&#8243;][\/vc_column][\/vc_row][vc_row][vc_column width=\u00bb1\/2&#8243; lg_spacing=\u00bbmargin_right:20&#8243; xs_spacing=\u00bbmargin_right:0&#8243;][tm_heading tag=\u00bbdiv\u00bb custom_google_font=\u00bb\u00bb font_weight=\u00bb300&#8243; font_size=\u00bblg:18&#8243;]<mark>Acceso f\u00e1cil para los espectadores. <\/mark>MyTipMenu coloca el men\u00fa de propinas en pantalla, eliminando la necesidad de que los espectadores busquen informaci\u00f3n en el chat o en p\u00e1ginas externas. Con el men\u00fa siempre visible, es m\u00e1s probable que los espectadores contribuyan con propinas.[\/tm_heading][tm_spacer size=\u00bblg:20&#8243;][tm_heading tag=\u00bbdiv\u00bb custom_google_font=\u00bb\u00bb font_weight=\u00bb300&#8243; font_size=\u00bblg:18&#8243;]<mark>Aumento de ingresos. <\/mark>Un men\u00fa interactivo visible en todo momento incentiva a los espectadores a dar propinas m\u00e1s frecuentemente. Los modelos pueden personalizar su men\u00fa, ofreciendo promociones especiales o recompensas, lo que puede aumentar el monto de las propinas.[\/tm_heading][tm_spacer size=\u00bblg:20&#8243;][tm_heading tag=\u00bbdiv\u00bb custom_google_font=\u00bb\u00bb font_weight=\u00bb300&#8243; font_size=\u00bblg:18&#8243;]<mark>Mejora en la calidad de la transmisi\u00f3n. <\/mark>Tener un men\u00fa de propinas en pantalla no solo le da un toque profesional a la transmisi\u00f3n, sino que tambi\u00e9n mejora la experiencia de los espectadores. Una superposici\u00f3n bien dise\u00f1ada demuestra que el modelo se toma en serio su contenido, lo que genera m\u00e1s confianza y compromiso.[\/tm_heading][tm_spacer size=\u00bbxs:20;lg:10&#8243;][\/vc_column][vc_column width=\u00bb1\/2&#8243; lg_spacing=\u00bbmargin_left:20&#8243; xs_spacing=\u00bbmargin_left:0&#8243;][tm_spacer size=\u00bbxs:20;lg:0&#8243;][tm_image image=\u00bb25719&#8243; rounded=\u00bb10&#8243;][tm_spacer size=\u00bbxs:20;lg:10&#8243;][\/vc_column][\/vc_row][vc_row][vc_column][tm_heading tag=\u00bbdiv\u00bb custom_google_font=\u00bb\u00bb font_weight=\u00bb300&#8243; font_size=\u00bblg:18&#8243;]<mark>Satisfacci\u00f3n de los espectadores. <\/mark>Con un men\u00fa claro en pantalla, los espectadores pueden ver f\u00e1cilmente qu\u00e9 recompensas obtendr\u00e1n y cu\u00e1nto deben pagar. Esto reduce las preguntas en el chat y permite que disfruten m\u00e1s de la transmisi\u00f3n, lo que, en \u00faltima instancia, puede conducir a m\u00e1s propinas.[\/tm_heading][tm_spacer size=\u00bblg:20&#8243;][tm_heading tag=\u00bbdiv\u00bb custom_google_font=\u00bb\u00bb font_weight=\u00bb300&#8243; font_size=\u00bblg:18&#8243;]<mark>Actualizaciones en tiempo real. <\/mark>Una de las caracter\u00edsticas clave de MyTipMenu es la capacidad de modificar el men\u00fa durante la transmisi\u00f3n. Los modelos pueden ajustar las opciones o cambiar las ofertas en tiempo real, manteniendo la transmisi\u00f3n din\u00e1mica y atractiva.[\/tm_heading][tm_spacer size=\u00bblg:50&#8243;][\/vc_column][\/vc_row][vc_row full_width=\u00bbstretch_row\u00bb content_placement=\u00bbmiddle\u00bb background_color=\u00bbcustom\u00bb custom_background_color=\u00bb#010010&#8243; lg_spacing=\u00bbpadding_top:84;padding_bottom:84&#8243; background_image=\u00bb3050&#8243;][vc_column offset=\u00bbvc_col-md-8&#8243;][tm_heading custom_google_font=\u00bb\u00bb sm_align=\u00bbcenter\u00bb text_color=\u00bbcustom\u00bb custom_text_color=\u00bb#ffffff\u00bb font_size=\u00bbsm:28;md:34;lg:35&#8243; line_height=\u00bb1.4&#8243;]Comience a utilizar My Tip Menu[\/tm_heading][tm_spacer size=\u00bbsm:30&#8243;][\/vc_column][vc_column offset=\u00bbvc_col-md-4&#8243;][tm_button_group align=\u00bbright\u00bb sm_align=\u00bbcenter\u00bb][tm_button size=\u00bbcustom\u00bb button=\u00bburl:https%3A%2F%2Fapp.streamster.io%2Fregister|title:COMENZAR|target:_blank\u00bb icon_align=\u00bbleft\u00bb icon_type=\u00bbfontawesome5&#8243; icon_fontawesome5=\u00bb\u00bb color=\u00bbcustom\u00bb button_bg_color=\u00bbcustom\u00bb font_color=\u00bbprimary\u00bb button_border_color=\u00bbcustom\u00bb button_icon_color=\u00bbprimary\u00bb button_bg_color_hover=\u00bbprimary\u00bb font_color_hover=\u00bbcustom\u00bb button_border_color_hover=\u00bbprimary\u00bb button_icon_color_hover=\u00bbcustom\u00bb width=\u00bb170&#8243; custom_button_bg_color=\u00bb#ffffff\u00bb custom_button_border_color=\u00bb#ffffff\u00bb custom_font_color_hover=\u00bb#ffffff\u00bb custom_button_icon_color_hover=\u00bb#ffffff\u00bb icon_font_size=\u00bblg:14&#8243;][\/tm_button_group][\/vc_column][\/vc_row][vc_row][vc_column][tm_spacer size=\u00bblg:40&#8243;][tm_heading tag=\u00bbdiv\u00bb custom_google_font=\u00bb\u00bb font_weight=\u00bb300&#8243; font_size=\u00bblg:18&#8243;]MyTipMenu ofrece dos tipos de men\u00fas: <i>Classic<\/i> y <i>Random<\/i>.[\/tm_heading][tm_spacer size=\u00bblg:20&#8243;][tm_heading custom_google_font=\u00bb\u00bb font_weight=\u00bb600&#8243; text_color=\u00bbprimary\u00bb font_size=\u00bblg:18&#8243;]Classic Tip Menu[\/tm_heading][tm_spacer size=\u00bblg:5&#8243;][tm_heading tag=\u00bbdiv\u00bb custom_google_font=\u00bb\u00bb font_weight=\u00bb300&#8243; font_size=\u00bblg:18&#8243;]Permite que cada acci\u00f3n o servicio tenga su propio precio. Esta opci\u00f3n es ideal para aquellos modelos que quieren controlar el valor de cada recompensa y ofrecer una gama de servicios a diferentes precios.[\/tm_heading][tm_spacer size=\u00bblg:20&#8243;][tm_heading custom_google_font=\u00bb\u00bb font_weight=\u00bb600&#8243; text_color=\u00bbprimary\u00bb font_size=\u00bblg:18&#8243;]Random Tip Menu[\/tm_heading][tm_spacer size=\u00bblg:5&#8243;][tm_heading tag=\u00bbdiv\u00bb custom_google_font=\u00bb\u00bb font_weight=\u00bb300&#8243; font_size=\u00bblg:18&#8243;]Pone un precio igual para todas las acciones, pero destaca una acci\u00f3n de manera aleatoria. Esto agrega un elemento de sorpresa, haciendo que los espectadores est\u00e9n m\u00e1s emocionados al ver qu\u00e9 recompensa ser\u00e1 activada.[\/tm_heading][\/vc_column][\/vc_row][vc_row][vc_column][tm_spacer size=\u00bblg:60&#8243;][tm_heading tag=\u00bbh5&#8243; custom_google_font=\u00bb\u00bb font_weight=\u00bb600&#8243; text_color=\u00bbprimary\u00bb font_size=\u00bblg:20&#8243;]Aprende m\u00e1s:[\/tm_heading][tm_spacer size=\u00bblg:30&#8243;][tm_message_box]<a href=\"https:\/\/mytipmenu.com\" target=\"_blank\" rel=\"noopener\">MyTipMenu sitio web<\/a>[\/tm_message_box][tm_spacer size=\u00bblg:10&#8243;][tm_message_box]<a href=\"https:\/\/camgems.com\/mytipmenu-the-ultimate-tool-for-streamlining-tips-and-elevating-your-cam-stream\/\" target=\"_blank\" rel=\"noopener\">CamGems blog<\/a>[\/tm_message_box][tm_spacer size=\u00bblg:10&#8243;][tm_message_box]<a href=\"https:\/\/docs.streamster.io\/docs\/add-ons\/mytipmenu-8677\/getting-started-with-streamster-desktop-app-8679\/\" target=\"_blank\" rel=\"noopener\">C\u00f3mo configurar con Streamster app<\/a>[\/tm_message_box][tm_spacer size=\u00bblg:10&#8243;][tm_message_box]<a href=\"https:\/\/docs.streamster.io\/docs\/add-ons\/mytipmenu-8677\/getting-started-with-obs-studio-8681\/\" target=\"_blank\" rel=\"noopener\">C\u00f3mo configurar con OBS<\/a>[\/tm_message_box][\/vc_column][\/vc_row]<\/p>\n<\/div>","protected":false},"excerpt":{"rendered":"<p>[vc_row][vc_column][tm_heading tag=\u00bbdiv\u00bb custom_google_font=\u00bb\u00bb font_weight=\u00bb300&#8243; font_size=\u00bblg:18&#8243;]En el competitivo mundo del streaming en vivo, los modelos de c\u00e1mara siempre buscan maneras de hacer sus transmisiones m\u00e1s atractivas y rentables. Una de las herramientas m\u00e1s innovadoras para lograrlo es MyTipMenu, que permite a los modelos agregar un men\u00fa de propinas como superposici\u00f3n directamente en sus transmisiones. Esto no solo facilita la interacci\u00f3n con los espectadores, sino que tambi\u00e9n puede aumentar significativamente los ingresos. Beneficios de MyTipMenu:[\/tm_heading][tm_spacer size=\u00bblg:30&#8243;][\/vc_column][\/vc_row][vc_row][vc_column width=\u00bb1\/2&#8243; lg_spacing=\u00bbmargin_right:20&#8243; xs_spacing=\u00bbmargin_right:0&#8243;][tm_heading tag=\u00bbdiv\u00bb custom_google_font=\u00bb\u00bb font_weight=\u00bb300&#8243; font_size=\u00bblg:18&#8243;]Acceso f\u00e1cil para los espectadores. MyTipMenu coloca el men\u00fa de propinas en pantalla, eliminando la necesidad de que los espectadores busquen informaci\u00f3n en el chat o en p\u00e1ginas externas. Con el men\u00fa siempre visible, es m\u00e1s probable que los espectadores contribuyan con propinas.[\/tm_heading][tm_spacer size=\u00bblg:20&#8243;][tm_heading tag=\u00bbdiv\u00bb custom_google_font=\u00bb\u00bb font_weight=\u00bb300&#8243; font_size=\u00bblg:18&#8243;]Aumento de ingresos. Un men\u00fa interactivo visible en todo momento incentiva a los espectadores a dar propinas m\u00e1s frecuentemente. Los modelos pueden personalizar su men\u00fa, ofreciendo promociones especiales o recompensas, lo que puede aumentar el monto de las propinas.[\/tm_heading][tm_spacer size=\u00bblg:20&#8243;][tm_heading tag=\u00bbdiv\u00bb custom_google_font=\u00bb\u00bb font_weight=\u00bb300&#8243; font_size=\u00bblg:18&#8243;]Mejora en la calidad de la transmisi\u00f3n. Tener un men\u00fa de propinas en pantalla no solo le da un toque profesional a la transmisi\u00f3n, sino que tambi\u00e9n mejora la experiencia de los espectadores. Una superposici\u00f3n bien dise\u00f1ada demuestra que el modelo se toma en serio su contenido, lo que genera m\u00e1s confianza y compromiso.[\/tm_heading][tm_spacer size=\u00bbxs:20;lg:10&#8243;][\/vc_column][vc_column width=\u00bb1\/2&#8243; lg_spacing=\u00bbmargin_left:20&#8243; xs_spacing=\u00bbmargin_left:0&#8243;][tm_spacer size=\u00bbxs:20;lg:0&#8243;][tm_image image=\u00bb25719&#8243; rounded=\u00bb10&#8243;][tm_spacer size=\u00bbxs:20;lg:10&#8243;][\/vc_column][\/vc_row][vc_row][vc_column][tm_heading tag=\u00bbdiv\u00bb custom_google_font=\u00bb\u00bb font_weight=\u00bb300&#8243; font_size=\u00bblg:18&#8243;]Satisfacci\u00f3n de los espectadores. Con un men\u00fa claro en pantalla, los espectadores pueden ver f\u00e1cilmente qu\u00e9 recompensas obtendr\u00e1n y cu\u00e1nto deben pagar. Esto reduce las preguntas en el chat y permite que disfruten m\u00e1s de la transmisi\u00f3n, lo que, en \u00faltima instancia, puede conducir a m\u00e1s propinas.[\/tm_heading][tm_spacer size=\u00bblg:20&#8243;][tm_heading tag=\u00bbdiv\u00bb custom_google_font=\u00bb\u00bb font_weight=\u00bb300&#8243; font_size=\u00bblg:18&#8243;]Actualizaciones en tiempo real. Una de las caracter\u00edsticas clave de MyTipMenu es la capacidad de modificar el men\u00fa durante la transmisi\u00f3n. Los modelos pueden ajustar las opciones o cambiar las ofertas en tiempo real, manteniendo la transmisi\u00f3n din\u00e1mica y atractiva.[\/tm_heading][tm_spacer size=\u00bblg:50&#8243;][\/vc_column][\/vc_row][vc_row full_width=\u00bbstretch_row\u00bb content_placement=\u00bbmiddle\u00bb background_color=\u00bbcustom\u00bb custom_background_color=\u00bb#010010&#8243; lg_spacing=\u00bbpadding_top:84;padding_bottom:84&#8243; background_image=\u00bb3050&#8243;][vc_column offset=\u00bbvc_col-md-8&#8243;][tm_heading custom_google_font=\u00bb\u00bb sm_align=\u00bbcenter\u00bb text_color=\u00bbcustom\u00bb custom_text_color=\u00bb#ffffff\u00bb font_size=\u00bbsm:28;md:34;lg:35&#8243; line_height=\u00bb1.4&#8243;]Comience a utilizar My Tip Menu[\/tm_heading][tm_spacer size=\u00bbsm:30&#8243;][\/vc_column][vc_column offset=\u00bbvc_col-md-4&#8243;][tm_button_group align=\u00bbright\u00bb sm_align=\u00bbcenter\u00bb][tm_button size=\u00bbcustom\u00bb button=\u00bburl:https%3A%2F%2Fapp.streamster.io%2Fregister|title:COMENZAR|target:_blank\u00bb icon_align=\u00bbleft\u00bb icon_type=\u00bbfontawesome5&#8243; icon_fontawesome5=\u00bb\u00bb color=\u00bbcustom\u00bb button_bg_color=\u00bbcustom\u00bb font_color=\u00bbprimary\u00bb button_border_color=\u00bbcustom\u00bb button_icon_color=\u00bbprimary\u00bb button_bg_color_hover=\u00bbprimary\u00bb font_color_hover=\u00bbcustom\u00bb button_border_color_hover=\u00bbprimary\u00bb button_icon_color_hover=\u00bbcustom\u00bb width=\u00bb170&#8243; custom_button_bg_color=\u00bb#ffffff\u00bb custom_button_border_color=\u00bb#ffffff\u00bb custom_font_color_hover=\u00bb#ffffff\u00bb custom_button_icon_color_hover=\u00bb#ffffff\u00bb icon_font_size=\u00bblg:14&#8243;][\/tm_button_group][\/vc_column][\/vc_row][vc_row][vc_column][tm_spacer size=\u00bblg:40&#8243;][tm_heading tag=\u00bbdiv\u00bb custom_google_font=\u00bb\u00bb font_weight=\u00bb300&#8243; font_size=\u00bblg:18&#8243;]MyTipMenu ofrece dos tipos de men\u00fas: Classic y Random.[\/tm_heading][tm_spacer size=\u00bblg:20&#8243;][tm_heading custom_google_font=\u00bb\u00bb font_weight=\u00bb600&#8243; text_color=\u00bbprimary\u00bb font_size=\u00bblg:18&#8243;]Classic Tip Menu[\/tm_heading][tm_spacer size=\u00bblg:5&#8243;][tm_heading tag=\u00bbdiv\u00bb custom_google_font=\u00bb\u00bb font_weight=\u00bb300&#8243; font_size=\u00bblg:18&#8243;]Permite que cada acci\u00f3n o servicio tenga su propio precio. Esta opci\u00f3n es ideal para aquellos modelos que quieren controlar el valor de cada recompensa y ofrecer una gama de servicios a diferentes precios.[\/tm_heading][tm_spacer size=\u00bblg:20&#8243;][tm_heading custom_google_font=\u00bb\u00bb font_weight=\u00bb600&#8243; text_color=\u00bbprimary\u00bb font_size=\u00bblg:18&#8243;]Random Tip Menu[\/tm_heading][tm_spacer size=\u00bblg:5&#8243;][tm_heading tag=\u00bbdiv\u00bb custom_google_font=\u00bb\u00bb font_weight=\u00bb300&#8243; font_size=\u00bblg:18&#8243;]Pone un precio igual para todas las acciones, pero destaca una acci\u00f3n de manera aleatoria. Esto agrega un elemento de sorpresa, haciendo que los espectadores est\u00e9n m\u00e1s emocionados al ver qu\u00e9 recompensa ser\u00e1 activada.[\/tm_heading][\/vc_column][\/vc_row][vc_row][vc_column][tm_spacer size=\u00bblg:60&#8243;][tm_heading tag=\u00bbh5&#8243; custom_google_font=\u00bb\u00bb font_weight=\u00bb600&#8243; text_color=\u00bbprimary\u00bb font_size=\u00bblg:20&#8243;]Aprende m\u00e1s:[\/tm_heading][tm_spacer size=\u00bblg:30&#8243;][tm_message_box]MyTipMenu sitio web[\/tm_message_box][tm_spacer size=\u00bblg:10&#8243;][tm_message_box]CamGems blog[\/tm_message_box][tm_spacer size=\u00bblg:10&#8243;][tm_message_box]C\u00f3mo configurar con Streamster app[\/tm_message_box][tm_spacer size=\u00bblg:10&#8243;][tm_message_box]C\u00f3mo configurar con OBS[\/tm_message_box][\/vc_column][\/vc_row]<\/p>\n","protected":false},"author":1,"featured_media":0,"parent":18395,"menu_order":0,"comment_status":"closed","ping_status":"closed","template":"","meta":{"inline_featured_image":false,"footnotes":""},"class_list":["post-25828","page","type-page","status-publish","hentry","post-no-thumbnail"],"yoast_head":"<!-- This site is optimized with the Yoast SEO plugin v22.5 - https:\/\/yoast.com\/wordpress\/plugins\/seo\/ -->\n<title>MyTipMenu: Una Herramienta Esencial para Modelos de Webcam | Streamster<\/title>\n<meta name=\"description\" content=\"Descubre MyTipMenu, una herramienta para modelos de c\u00e1mara que permite a\u00f1adir un men\u00fa de propinas como superposici\u00f3n en tus transmisiones. Conoce las ventajas del men\u00fa cl\u00e1sico y el men\u00fa aleatorio para aumentar ingresos y mejorar la interacci\u00f3n con los espectadores.\" \/>\n<meta name=\"robots\" content=\"index, follow, max-snippet:-1, max-image-preview:large, max-video-preview:-1\" \/>\n<link rel=\"canonical\" href=\"https:\/\/streamster.io\/es\/funciones\/mytipmenu-custom-interactive-overlay-for-cam-sites\/\" \/>\n<meta property=\"og:locale\" content=\"es_ES\" \/>\n<meta property=\"og:type\" content=\"article\" \/>\n<meta property=\"og:title\" content=\"MyTipMenu: Una Herramienta Esencial para Modelos de Webcam | Streamster\" \/>\n<meta property=\"og:description\" content=\"Descubre MyTipMenu, una herramienta para modelos de c\u00e1mara que permite a\u00f1adir un men\u00fa de propinas como superposici\u00f3n en tus transmisiones. Conoce las ventajas del men\u00fa cl\u00e1sico y el men\u00fa aleatorio para aumentar ingresos y mejorar la interacci\u00f3n con los espectadores.\" \/>\n<meta property=\"og:url\" content=\"https:\/\/streamster.io\/es\/funciones\/mytipmenu-custom-interactive-overlay-for-cam-sites\/\" \/>\n<meta property=\"og:site_name\" content=\"Streamster\" \/>\n<meta property=\"article:publisher\" content=\"https:\/\/www.facebook.com\/streamster.software\/\" \/>\n<meta property=\"article:modified_time\" content=\"2024-10-15T13:10:45+00:00\" \/>\n<meta property=\"og:image\" content=\"https:\/\/streamster.io\/wp-content\/uploads\/2021\/11\/Streamster-free-live-broadcasting-software-for-multistreaming.jpg\" \/>\n\t<meta property=\"og:image:width\" content=\"1200\" \/>\n\t<meta property=\"og:image:height\" content=\"548\" \/>\n\t<meta property=\"og:image:type\" content=\"image\/jpeg\" \/>\n<meta name=\"twitter:card\" content=\"summary_large_image\" \/>\n<meta name=\"twitter:site\" content=\"@streamster\" \/>\n<meta name=\"twitter:label1\" content=\"Tiempo de lectura\" \/>\n\t<meta name=\"twitter:data1\" content=\"5 minutos\" \/>\n<script type=\"application\/ld+json\" class=\"yoast-schema-graph\">{\"@context\":\"https:\/\/schema.org\",\"@graph\":[{\"@type\":\"WebPage\",\"@id\":\"https:\/\/streamster.io\/es\/funciones\/mytipmenu-custom-interactive-overlay-for-cam-sites\/\",\"url\":\"https:\/\/streamster.io\/es\/funciones\/mytipmenu-custom-interactive-overlay-for-cam-sites\/\",\"name\":\"MyTipMenu: Una Herramienta Esencial para Modelos de Webcam | Streamster\",\"isPartOf\":{\"@id\":\"https:\/\/streamster.io\/#website\"},\"datePublished\":\"2024-09-19T21:39:35+00:00\",\"dateModified\":\"2024-10-15T13:10:45+00:00\",\"description\":\"Descubre MyTipMenu, una herramienta para modelos de c\u00e1mara que permite a\u00f1adir un men\u00fa de propinas como superposici\u00f3n en tus transmisiones. Conoce las ventajas del men\u00fa cl\u00e1sico y el men\u00fa aleatorio para aumentar ingresos y mejorar la interacci\u00f3n con los espectadores.\",\"breadcrumb\":{\"@id\":\"https:\/\/streamster.io\/es\/funciones\/mytipmenu-custom-interactive-overlay-for-cam-sites\/#breadcrumb\"},\"inLanguage\":\"es\",\"potentialAction\":[{\"@type\":\"ReadAction\",\"target\":[\"https:\/\/streamster.io\/es\/funciones\/mytipmenu-custom-interactive-overlay-for-cam-sites\/\"]}]},{\"@type\":\"BreadcrumbList\",\"@id\":\"https:\/\/streamster.io\/es\/funciones\/mytipmenu-custom-interactive-overlay-for-cam-sites\/#breadcrumb\",\"itemListElement\":[{\"@type\":\"ListItem\",\"position\":1,\"name\":\"Funciones\",\"item\":\"https:\/\/streamster.io\/es\/funciones\/\"},{\"@type\":\"ListItem\",\"position\":2,\"name\":\"MyTipMenu: Una Herramienta Esencial para Modelos de Webcam\"}]},{\"@type\":\"WebSite\",\"@id\":\"https:\/\/streamster.io\/#website\",\"url\":\"https:\/\/streamster.io\/\",\"name\":\"Streamster\",\"description\":\"Live broadcasting software for multistreaming\",\"publisher\":{\"@id\":\"https:\/\/streamster.io\/#organization\"},\"potentialAction\":[{\"@type\":\"SearchAction\",\"target\":{\"@type\":\"EntryPoint\",\"urlTemplate\":\"https:\/\/streamster.io\/?s={search_term_string}\"},\"query-input\":\"required name=search_term_string\"}],\"inLanguage\":\"es\"},{\"@type\":\"Organization\",\"@id\":\"https:\/\/streamster.io\/#organization\",\"name\":\"Streamster\",\"url\":\"https:\/\/streamster.io\/\",\"logo\":{\"@type\":\"ImageObject\",\"inLanguage\":\"es\",\"@id\":\"https:\/\/streamster.io\/#\/schema\/logo\/image\/\",\"url\":\"https:\/\/streamster.io\/wp-content\/uploads\/2021\/06\/cropped-Streamster.png\",\"contentUrl\":\"https:\/\/streamster.io\/wp-content\/uploads\/2021\/06\/cropped-Streamster.png\",\"width\":512,\"height\":512,\"caption\":\"Streamster\"},\"image\":{\"@id\":\"https:\/\/streamster.io\/#\/schema\/logo\/image\/\"},\"sameAs\":[\"https:\/\/www.facebook.com\/streamster.software\/\",\"https:\/\/x.com\/streamster\",\"https:\/\/www.instagram.com\/streamster_\/\",\"https:\/\/www.linkedin.com\/company\/37003357\/\",\"https:\/\/www.youtube.com\/c\/Streamster\"]}]}<\/script>\n<!-- \/ Yoast SEO plugin. -->","yoast_head_json":{"title":"MyTipMenu: Una Herramienta Esencial para Modelos de Webcam | Streamster","description":"Descubre MyTipMenu, una herramienta para modelos de c\u00e1mara que permite a\u00f1adir un men\u00fa de propinas como superposici\u00f3n en tus transmisiones. Conoce las ventajas del men\u00fa cl\u00e1sico y el men\u00fa aleatorio para aumentar ingresos y mejorar la interacci\u00f3n con los espectadores.","robots":{"index":"index","follow":"follow","max-snippet":"max-snippet:-1","max-image-preview":"max-image-preview:large","max-video-preview":"max-video-preview:-1"},"canonical":"https:\/\/streamster.io\/es\/funciones\/mytipmenu-custom-interactive-overlay-for-cam-sites\/","og_locale":"es_ES","og_type":"article","og_title":"MyTipMenu: Una Herramienta Esencial para Modelos de Webcam | Streamster","og_description":"Descubre MyTipMenu, una herramienta para modelos de c\u00e1mara que permite a\u00f1adir un men\u00fa de propinas como superposici\u00f3n en tus transmisiones. Conoce las ventajas del men\u00fa cl\u00e1sico y el men\u00fa aleatorio para aumentar ingresos y mejorar la interacci\u00f3n con los espectadores.","og_url":"https:\/\/streamster.io\/es\/funciones\/mytipmenu-custom-interactive-overlay-for-cam-sites\/","og_site_name":"Streamster","article_publisher":"https:\/\/www.facebook.com\/streamster.software\/","article_modified_time":"2024-10-15T13:10:45+00:00","og_image":[{"width":1200,"height":548,"url":"https:\/\/streamster.io\/wp-content\/uploads\/2021\/11\/Streamster-free-live-broadcasting-software-for-multistreaming.jpg","type":"image\/jpeg"}],"twitter_card":"summary_large_image","twitter_site":"@streamster","twitter_misc":{"Tiempo de lectura":"5 minutos"},"schema":{"@context":"https:\/\/schema.org","@graph":[{"@type":"WebPage","@id":"https:\/\/streamster.io\/es\/funciones\/mytipmenu-custom-interactive-overlay-for-cam-sites\/","url":"https:\/\/streamster.io\/es\/funciones\/mytipmenu-custom-interactive-overlay-for-cam-sites\/","name":"MyTipMenu: Una Herramienta Esencial para Modelos de Webcam | Streamster","isPartOf":{"@id":"https:\/\/streamster.io\/#website"},"datePublished":"2024-09-19T21:39:35+00:00","dateModified":"2024-10-15T13:10:45+00:00","description":"Descubre MyTipMenu, una herramienta para modelos de c\u00e1mara que permite a\u00f1adir un men\u00fa de propinas como superposici\u00f3n en tus transmisiones. Conoce las ventajas del men\u00fa cl\u00e1sico y el men\u00fa aleatorio para aumentar ingresos y mejorar la interacci\u00f3n con los espectadores.","breadcrumb":{"@id":"https:\/\/streamster.io\/es\/funciones\/mytipmenu-custom-interactive-overlay-for-cam-sites\/#breadcrumb"},"inLanguage":"es","potentialAction":[{"@type":"ReadAction","target":["https:\/\/streamster.io\/es\/funciones\/mytipmenu-custom-interactive-overlay-for-cam-sites\/"]}]},{"@type":"BreadcrumbList","@id":"https:\/\/streamster.io\/es\/funciones\/mytipmenu-custom-interactive-overlay-for-cam-sites\/#breadcrumb","itemListElement":[{"@type":"ListItem","position":1,"name":"Funciones","item":"https:\/\/streamster.io\/es\/funciones\/"},{"@type":"ListItem","position":2,"name":"MyTipMenu: Una Herramienta Esencial para Modelos de Webcam"}]},{"@type":"WebSite","@id":"https:\/\/streamster.io\/#website","url":"https:\/\/streamster.io\/","name":"Streamster","description":"Live broadcasting software for multistreaming","publisher":{"@id":"https:\/\/streamster.io\/#organization"},"potentialAction":[{"@type":"SearchAction","target":{"@type":"EntryPoint","urlTemplate":"https:\/\/streamster.io\/?s={search_term_string}"},"query-input":"required name=search_term_string"}],"inLanguage":"es"},{"@type":"Organization","@id":"https:\/\/streamster.io\/#organization","name":"Streamster","url":"https:\/\/streamster.io\/","logo":{"@type":"ImageObject","inLanguage":"es","@id":"https:\/\/streamster.io\/#\/schema\/logo\/image\/","url":"https:\/\/streamster.io\/wp-content\/uploads\/2021\/06\/cropped-Streamster.png","contentUrl":"https:\/\/streamster.io\/wp-content\/uploads\/2021\/06\/cropped-Streamster.png","width":512,"height":512,"caption":"Streamster"},"image":{"@id":"https:\/\/streamster.io\/#\/schema\/logo\/image\/"},"sameAs":["https:\/\/www.facebook.com\/streamster.software\/","https:\/\/x.com\/streamster","https:\/\/www.instagram.com\/streamster_\/","https:\/\/www.linkedin.com\/company\/37003357\/","https:\/\/www.youtube.com\/c\/Streamster"]}]}},"_links":{"self":[{"href":"https:\/\/streamster.io\/es\/wp-json\/wp\/v2\/pages\/25828","targetHints":{"allow":["GET"]}}],"collection":[{"href":"https:\/\/streamster.io\/es\/wp-json\/wp\/v2\/pages"}],"about":[{"href":"https:\/\/streamster.io\/es\/wp-json\/wp\/v2\/types\/page"}],"author":[{"embeddable":true,"href":"https:\/\/streamster.io\/es\/wp-json\/wp\/v2\/users\/1"}],"replies":[{"embeddable":true,"href":"https:\/\/streamster.io\/es\/wp-json\/wp\/v2\/comments?post=25828"}],"version-history":[{"count":2,"href":"https:\/\/streamster.io\/es\/wp-json\/wp\/v2\/pages\/25828\/revisions"}],"predecessor-version":[{"id":25830,"href":"https:\/\/streamster.io\/es\/wp-json\/wp\/v2\/pages\/25828\/revisions\/25830"}],"up":[{"embeddable":true,"href":"https:\/\/streamster.io\/es\/wp-json\/wp\/v2\/pages\/18395"}],"wp:attachment":[{"href":"https:\/\/streamster.io\/es\/wp-json\/wp\/v2\/media?parent=25828"}],"curies":[{"name":"wp","href":"https:\/\/api.w.org\/{rel}","templated":true}]}}