{"id":29139,"date":"2026-01-09T15:20:04","date_gmt":"2026-01-09T15:20:04","guid":{"rendered":"https:\/\/streamster.io\/multi-device-workflow\/"},"modified":"2026-01-09T21:56:45","modified_gmt":"2026-01-09T21:56:45","slug":"multi-device-workflow","status":"publish","type":"page","link":"https:\/\/streamster.io\/es\/funciones\/multi-device-workflow\/","title":{"rendered":"Flujo de Trabajo Multidispositivo para Streaming en Vivo"},"content":{"rendered":"<div class=\"wpb-content-wrapper\"><p>[vc_row][vc_column][tm_spacer size=\u00bbxs:20;lg:40&#8243;][\/vc_column][\/vc_row][vc_row][vc_column width=\u00bb1\/2&#8243;][tm_heading tag=\u00bbdiv\u00bb custom_google_font=\u00bb\u00bb font_weight=\u00bb300&#8243; animation=\u00bbmove-right\u00bb font_size=\u00bblg:18&#8243; line_height=\u00bb2&#8243; md_spacing=\u00bbmargin_right:0&#8243;]Un flujo de trabajo multidispositivo te permite utilizar varios dispositivos al mismo tiempo durante una transmisi\u00f3n en vivo, en lugar de estar limitado a una sola configuraci\u00f3n. Tu ordenador, smartphone y tablet pueden desempe\u00f1ar distintos roles &#8211; c\u00e1mara, controlador o centro de transmisi\u00f3n &#8211; seg\u00fan lo que necesites en cada momento.[\/tm_heading][tm_spacer size=\u00bblg:10&#8243;][tm_heading tag=\u00bbdiv\u00bb custom_google_font=\u00bb\u00bb google_fonts=\u00bbfont_family:Poppins%3A300%2Cregular%2C500%2C600%2C700|font_style:300%20light%20regular%3A300%3Anormal\u00bb font_weight=\u00bb300&#8243; font_size=\u00bblg:18&#8243; line_height=\u00bb2&#8243; sm_spacing=\u00bbmargin_left:5&#8243; md_spacing=\u00bbmargin_right:0&#8243;]Con Streamster, los dispositivos de escritorio y m\u00f3viles funcionan como un \u00fanico sistema de streaming unificado. Puedes transmitir desde tu PC, cambiar a un smartphone o tablet y volver de nuevo, sin detener la transmisi\u00f3n ni reconfigurar nada.[\/tm_heading][tm_spacer size=\u00bblg:30&#8243;][tm_heading style=\u00bbmodern\u00bb tag=\u00bbh2&#8243; custom_google_font=\u00bb\u00bb font_weight=\u00bb700&#8243; animation=\u00bbmove-left\u00bb line_height=\u00bb2&#8243;]<mark>Streamster en Escritorio y M\u00f3vil<\/mark>[\/tm_heading][tm_spacer size=\u00bblg:20&#8243;][tm_heading tag=\u00bbdiv\u00bb custom_google_font=\u00bb\u00bb font_weight=\u00bb300&#8243; animation=\u00bbmove-right\u00bb font_size=\u00bblg:18&#8243; line_height=\u00bb2&#8243;]Streamster est\u00e1 disponible tanto en ordenadores como en dispositivos m\u00f3viles con Android o iOS. Esto significa que no tienes que elegir entre streaming de escritorio o m\u00f3vil: puedes combinar ambos.[\/tm_heading][\/vc_column][vc_column width=\u00bb1\/2&#8243; offset=\u00bbvc_hidden-sm\u00bb lg_spacing=\u00bbpadding_left:80&#8243; md_spacing=\u00bbpadding_left:15&#8243;][tm_image image_size=\u00bbcustom\u00bb image=\u00bb29114&#8243; image_size_width=\u00bb700&#8243; lg_spacing=\u00bbmargin_top:20&#8243;][tm_spacer size=\u00bblg:20&#8243;][\/vc_column][\/vc_row][vc_row][vc_column][tm_spacer size=\u00bblg:10&#8243;][tm_heading tag=\u00bbdiv\u00bb custom_google_font=\u00bb\u00bb font_weight=\u00bb300&#8243; animation=\u00bbmove-right\u00bb font_size=\u00bblg:18&#8243; line_height=\u00bb2&#8243;]Una configuraci\u00f3n t\u00edpica puede consistir en preparar la transmisi\u00f3n en el ordenador y utilizar un smartphone o tablet como c\u00e1mara o dispositivo de control. Todo permanece conectado y sincronizado, lo que te ofrece mayor flexibilidad sin a\u00f1adir complejidad.[\/tm_heading][tm_spacer size=\u00bblg:20&#8243;][\/vc_column][\/vc_row][vc_row][vc_column][tm_spacer size=\u00bblg:30&#8243;][tm_heading style=\u00bbmodern\u00bb tag=\u00bbh2&#8243; custom_google_font=\u00bb\u00bb font_weight=\u00bb700&#8243; animation=\u00bbmove-left\u00bb line_height=\u00bb2&#8243;]<mark>Cambio Fluido Entre Dispositivos<\/mark>[\/tm_heading][tm_spacer size=\u00bblg:20&#8243;][tm_heading tag=\u00bbdiv\u00bb custom_google_font=\u00bb\u00bb font_weight=\u00bb300&#8243; animation=\u00bbmove-right\u00bb font_size=\u00bblg:18&#8243; line_height=\u00bb2&#8243;]Una de las principales ventajas del flujo de trabajo multidispositivo de Streamster es la posibilidad de cambiar la fuente de v\u00eddeo entre dispositivos en cualquier momento. Puedes comenzar a transmitir con la webcam del ordenador, pasar a la c\u00e1mara del smartphone para mostrar otro \u00e1ngulo o ubicaci\u00f3n, y luego volver al ordenador, todo dentro del ecosistema de Streamster.[\/tm_heading][tm_spacer size=\u00bblg:10&#8243;][tm_heading tag=\u00bbdiv\u00bb custom_google_font=\u00bb\u00bb font_weight=\u00bb300&#8243; animation=\u00bbmove-right\u00bb font_size=\u00bblg:18&#8243; line_height=\u00bb2&#8243;]Esto facilita moverte mientras transmites, mostrar m\u00faltiples perspectivas o combinar una configuraci\u00f3n de estudio estable con tomas m\u00f3viles.[\/tm_heading][tm_spacer size=\u00bblg:30&#8243;][\/vc_column][\/vc_row][vc_row el_id=\u00bbdevices\u00bb][vc_column][tm_heading style=\u00bbmodern\u00bb tag=\u00bbh2&#8243; custom_google_font=\u00bb\u00bb font_weight=\u00bb700&#8243; animation=\u00bbmove-left\u00bb line_height=\u00bb2&#8243;]<mark>Escenarios de Streaming Flexibles<\/mark>[\/tm_heading][tm_spacer size=\u00bblg:20&#8243;][tm_heading tag=\u00bbdiv\u00bb custom_google_font=\u00bb\u00bb font_weight=\u00bb300&#8243; animation=\u00bbmove-right\u00bb font_size=\u00bblg:18&#8243; line_height=\u00bb2&#8243;]Streamster est\u00e1 dise\u00f1ado para flujos de trabajo reales, no para reglas r\u00edgidas.[\/tm_heading][tm_spacer size=\u00bblg:10&#8243;][tm_heading tag=\u00bbdiv\u00bb custom_google_font=\u00bb\u00bb font_weight=\u00bb300&#8243; animation=\u00bbmove-right\u00bb font_size=\u00bblg:18&#8243; line_height=\u00bb2&#8243;]Puedes ejecutar la transmisi\u00f3n principal en tu ordenador y controlarla de forma remota desde un smartphone o tablet, lo cual es ideal cuando el PC est\u00e1 fijo en un lugar pero necesitas libertad de movimiento. En otro escenario, puedes configurar todo en el ordenador &#8211; plataformas, dise\u00f1os y ajustes &#8211; y luego dejarlo funcionando mientras transmites directamente desde un dispositivo m\u00f3vil. Este enfoque es especialmente \u00fatil para transmisiones al aire libre, eventos o viajes.[\/tm_heading][tm_spacer size=\u00bblg:10&#8243;][tm_heading tag=\u00bbdiv\u00bb custom_google_font=\u00bb\u00bb font_weight=\u00bb300&#8243; animation=\u00bbmove-right\u00bb font_size=\u00bblg:18&#8243; line_height=\u00bb2&#8243;]Si lo necesitas, Streamster tambi\u00e9n funciona perfectamente como una aplicaci\u00f3n independiente de escritorio o como una app m\u00f3vil. Puedes empezar con una configuraci\u00f3n sencilla y ampliar a un flujo de trabajo multidispositivo m\u00e1s adelante, sin cambiar de herramientas.[\/tm_heading][tm_spacer size=\u00bblg:30&#8243;][\/vc_column][\/vc_row][vc_row][vc_column][tm_heading style=\u00bbmodern\u00bb tag=\u00bbh2&#8243; custom_google_font=\u00bb\u00bb font_weight=\u00bb700&#8243; animation=\u00bbmove-left\u00bb line_height=\u00bb2&#8243;]<mark>Por Qu\u00e9 Importa un Flujo de Trabajo Multidispositivo<\/mark>[\/tm_heading][tm_spacer size=\u00bblg:20&#8243;][tm_heading tag=\u00bbdiv\u00bb custom_google_font=\u00bb\u00bb font_weight=\u00bb300&#8243; animation=\u00bbmove-right\u00bb font_size=\u00bblg:18&#8243; line_height=\u00bb2&#8243;]El flujo de trabajo multidispositivo de Streamster te permite usar los dispositivos que ya tienes de forma m\u00e1s inteligente, ofreci\u00e9ndote mayor libertad creativa y una configuraci\u00f3n que crece contigo.[\/tm_heading][tm_spacer size=\u00bblg:20&#8243;][tm_heading tag=\u00bbdiv\u00bb custom_google_font=\u00bb\u00bb font_weight=\u00bb300&#8243; animation=\u00bbmove-right\u00bb font_size=\u00bblg:18&#8243; line_height=\u00bb2&#8243;]<mark>Una sola transmisi\u00f3n. M\u00faltiples dispositivos. Flexibilidad total.<\/mark>[\/tm_heading][tm_spacer size=\u00bblg:80&#8243;][\/vc_column][\/vc_row]<\/p>\n<\/div>","protected":false},"excerpt":{"rendered":"<p>[vc_row][vc_column][tm_spacer size=\u00bbxs:20;lg:40&#8243;][\/vc_column][\/vc_row][vc_row][vc_column width=\u00bb1\/2&#8243;][tm_heading tag=\u00bbdiv\u00bb custom_google_font=\u00bb\u00bb font_weight=\u00bb300&#8243; animation=\u00bbmove-right\u00bb font_size=\u00bblg:18&#8243; line_height=\u00bb2&#8243; md_spacing=\u00bbmargin_right:0&#8243;]Un flujo de trabajo multidispositivo te permite utilizar varios dispositivos al mismo tiempo durante una transmisi\u00f3n en vivo, en lugar de estar limitado a una sola configuraci\u00f3n. Tu ordenador, smartphone y tablet pueden desempe\u00f1ar distintos roles &#8211; c\u00e1mara, controlador o centro de transmisi\u00f3n &#8211; seg\u00fan lo que necesites en cada momento.[\/tm_heading][tm_spacer size=\u00bblg:10&#8243;][tm_heading tag=\u00bbdiv\u00bb custom_google_font=\u00bb\u00bb google_fonts=\u00bbfont_family:Poppins%3A300%2Cregular%2C500%2C600%2C700|font_style:300%20light%20regular%3A300%3Anormal\u00bb font_weight=\u00bb300&#8243; font_size=\u00bblg:18&#8243; line_height=\u00bb2&#8243; sm_spacing=\u00bbmargin_left:5&#8243; md_spacing=\u00bbmargin_right:0&#8243;]Con Streamster, los dispositivos de escritorio y m\u00f3viles funcionan como un \u00fanico sistema de streaming unificado. Puedes transmitir desde tu PC, cambiar a un smartphone o tablet y volver de nuevo, sin detener la transmisi\u00f3n ni reconfigurar nada.[\/tm_heading][tm_spacer size=\u00bblg:30&#8243;][tm_heading style=\u00bbmodern\u00bb tag=\u00bbh2&#8243; custom_google_font=\u00bb\u00bb font_weight=\u00bb700&#8243; animation=\u00bbmove-left\u00bb line_height=\u00bb2&#8243;]Streamster en Escritorio y M\u00f3vil[\/tm_heading][tm_spacer size=\u00bblg:20&#8243;][tm_heading tag=\u00bbdiv\u00bb custom_google_font=\u00bb\u00bb font_weight=\u00bb300&#8243; animation=\u00bbmove-right\u00bb font_size=\u00bblg:18&#8243; line_height=\u00bb2&#8243;]Streamster est\u00e1 disponible tanto en ordenadores como en dispositivos m\u00f3viles con Android o iOS. Esto significa que no tienes que elegir entre streaming de escritorio o m\u00f3vil: puedes combinar ambos.[\/tm_heading][\/vc_column][vc_column width=\u00bb1\/2&#8243; offset=\u00bbvc_hidden-sm\u00bb lg_spacing=\u00bbpadding_left:80&#8243; md_spacing=\u00bbpadding_left:15&#8243;][tm_image image_size=\u00bbcustom\u00bb image=\u00bb29114&#8243; image_size_width=\u00bb700&#8243; lg_spacing=\u00bbmargin_top:20&#8243;][tm_spacer size=\u00bblg:20&#8243;][\/vc_column][\/vc_row][vc_row][vc_column][tm_spacer size=\u00bblg:10&#8243;][tm_heading tag=\u00bbdiv\u00bb custom_google_font=\u00bb\u00bb font_weight=\u00bb300&#8243; animation=\u00bbmove-right\u00bb font_size=\u00bblg:18&#8243; line_height=\u00bb2&#8243;]Una configuraci\u00f3n t\u00edpica puede consistir en preparar la transmisi\u00f3n en el ordenador y utilizar un smartphone o tablet como c\u00e1mara o dispositivo de control. Todo permanece conectado y sincronizado, lo que te ofrece mayor flexibilidad sin a\u00f1adir complejidad.[\/tm_heading][tm_spacer size=\u00bblg:20&#8243;][\/vc_column][\/vc_row][vc_row][vc_column][tm_spacer size=\u00bblg:30&#8243;][tm_heading style=\u00bbmodern\u00bb tag=\u00bbh2&#8243; custom_google_font=\u00bb\u00bb font_weight=\u00bb700&#8243; animation=\u00bbmove-left\u00bb line_height=\u00bb2&#8243;]Cambio Fluido Entre Dispositivos[\/tm_heading][tm_spacer size=\u00bblg:20&#8243;][tm_heading tag=\u00bbdiv\u00bb custom_google_font=\u00bb\u00bb font_weight=\u00bb300&#8243; animation=\u00bbmove-right\u00bb font_size=\u00bblg:18&#8243; line_height=\u00bb2&#8243;]Una de las principales ventajas del flujo de trabajo multidispositivo de Streamster es la posibilidad de cambiar la fuente de v\u00eddeo entre dispositivos en cualquier momento. Puedes comenzar a transmitir con la webcam del ordenador, pasar a la c\u00e1mara del smartphone para mostrar otro \u00e1ngulo o ubicaci\u00f3n, y luego volver al ordenador, todo dentro del ecosistema de Streamster.[\/tm_heading][tm_spacer size=\u00bblg:10&#8243;][tm_heading tag=\u00bbdiv\u00bb custom_google_font=\u00bb\u00bb font_weight=\u00bb300&#8243; animation=\u00bbmove-right\u00bb font_size=\u00bblg:18&#8243; line_height=\u00bb2&#8243;]Esto facilita moverte mientras transmites, mostrar m\u00faltiples perspectivas o combinar una configuraci\u00f3n de estudio estable con tomas m\u00f3viles.[\/tm_heading][tm_spacer size=\u00bblg:30&#8243;][\/vc_column][\/vc_row][vc_row el_id=\u00bbdevices\u00bb][vc_column][tm_heading style=\u00bbmodern\u00bb tag=\u00bbh2&#8243; custom_google_font=\u00bb\u00bb font_weight=\u00bb700&#8243; animation=\u00bbmove-left\u00bb line_height=\u00bb2&#8243;]Escenarios de Streaming Flexibles[\/tm_heading][tm_spacer size=\u00bblg:20&#8243;][tm_heading tag=\u00bbdiv\u00bb custom_google_font=\u00bb\u00bb font_weight=\u00bb300&#8243; animation=\u00bbmove-right\u00bb font_size=\u00bblg:18&#8243; line_height=\u00bb2&#8243;]Streamster est\u00e1 dise\u00f1ado para flujos de trabajo reales, no para reglas r\u00edgidas.[\/tm_heading][tm_spacer size=\u00bblg:10&#8243;][tm_heading tag=\u00bbdiv\u00bb custom_google_font=\u00bb\u00bb font_weight=\u00bb300&#8243; animation=\u00bbmove-right\u00bb font_size=\u00bblg:18&#8243; line_height=\u00bb2&#8243;]Puedes ejecutar la transmisi\u00f3n principal en tu ordenador y controlarla de forma remota desde un smartphone o tablet, lo cual es ideal cuando el PC est\u00e1 fijo en un lugar pero necesitas libertad de movimiento. En otro escenario, puedes configurar todo en el ordenador &#8211; plataformas, dise\u00f1os y ajustes &#8211; y luego dejarlo funcionando mientras transmites directamente desde un dispositivo m\u00f3vil. Este enfoque es especialmente \u00fatil para transmisiones al aire libre, eventos o viajes.[\/tm_heading][tm_spacer size=\u00bblg:10&#8243;][tm_heading tag=\u00bbdiv\u00bb custom_google_font=\u00bb\u00bb font_weight=\u00bb300&#8243; animation=\u00bbmove-right\u00bb font_size=\u00bblg:18&#8243; line_height=\u00bb2&#8243;]Si lo necesitas, Streamster tambi\u00e9n funciona perfectamente como una aplicaci\u00f3n independiente de escritorio o como una app m\u00f3vil. Puedes empezar con una configuraci\u00f3n sencilla y ampliar a un flujo de trabajo multidispositivo m\u00e1s adelante, sin cambiar de herramientas.[\/tm_heading][tm_spacer size=\u00bblg:30&#8243;][\/vc_column][\/vc_row][vc_row][vc_column][tm_heading style=\u00bbmodern\u00bb tag=\u00bbh2&#8243; custom_google_font=\u00bb\u00bb font_weight=\u00bb700&#8243; animation=\u00bbmove-left\u00bb line_height=\u00bb2&#8243;]Por Qu\u00e9 Importa un Flujo de Trabajo Multidispositivo[\/tm_heading][tm_spacer size=\u00bblg:20&#8243;][tm_heading tag=\u00bbdiv\u00bb custom_google_font=\u00bb\u00bb font_weight=\u00bb300&#8243; animation=\u00bbmove-right\u00bb font_size=\u00bblg:18&#8243; line_height=\u00bb2&#8243;]El flujo de trabajo multidispositivo de Streamster te permite usar los dispositivos que ya tienes de forma m\u00e1s inteligente, ofreci\u00e9ndote mayor libertad creativa y una configuraci\u00f3n que crece contigo.[\/tm_heading][tm_spacer size=\u00bblg:20&#8243;][tm_heading tag=\u00bbdiv\u00bb custom_google_font=\u00bb\u00bb font_weight=\u00bb300&#8243; animation=\u00bbmove-right\u00bb font_size=\u00bblg:18&#8243; line_height=\u00bb2&#8243;]Una sola transmisi\u00f3n. M\u00faltiples dispositivos. Flexibilidad total.[\/tm_heading][tm_spacer size=\u00bblg:80&#8243;][\/vc_column][\/vc_row]<\/p>\n","protected":false},"author":1,"featured_media":29116,"parent":18395,"menu_order":0,"comment_status":"closed","ping_status":"closed","template":"","meta":{"inline_featured_image":false,"footnotes":""},"class_list":["post-29139","page","type-page","status-publish","has-post-thumbnail","hentry"],"yoast_head":"<!-- This site is optimized with the Yoast SEO plugin v22.5 - https:\/\/yoast.com\/wordpress\/plugins\/seo\/ -->\n<title>Flujo de Trabajo Multidispositivo para Streaming en Vivo | Streamster<\/title>\n<meta name=\"description\" content=\"El flujo de trabajo multidispositivo de Streamster permite combinar PC y m\u00f3vil, cambiar c\u00e1maras f\u00e1cilmente y controlar la transmisi\u00f3n desde cualquier lugar.\" \/>\n<meta name=\"robots\" content=\"index, follow, max-snippet:-1, max-image-preview:large, max-video-preview:-1\" \/>\n<link rel=\"canonical\" href=\"https:\/\/streamster.io\/es\/funciones\/multi-device-workflow\/\" \/>\n<meta property=\"og:locale\" content=\"es_ES\" \/>\n<meta property=\"og:type\" content=\"article\" \/>\n<meta property=\"og:title\" content=\"Flujo de Trabajo Multidispositivo para Streaming en Vivo | Streamster\" \/>\n<meta property=\"og:description\" content=\"El flujo de trabajo multidispositivo de Streamster permite combinar PC y m\u00f3vil, cambiar c\u00e1maras f\u00e1cilmente y controlar la transmisi\u00f3n desde cualquier lugar.\" \/>\n<meta property=\"og:url\" content=\"https:\/\/streamster.io\/es\/funciones\/multi-device-workflow\/\" \/>\n<meta property=\"og:site_name\" content=\"Streamster\" \/>\n<meta property=\"article:publisher\" content=\"https:\/\/www.facebook.com\/streamster.software\/\" \/>\n<meta property=\"article:modified_time\" content=\"2026-01-09T21:56:45+00:00\" \/>\n<meta property=\"og:image\" content=\"https:\/\/streamster.io\/wp-content\/uploads\/2026\/01\/1001.jpg\" \/>\n\t<meta property=\"og:image:width\" content=\"1536\" \/>\n\t<meta property=\"og:image:height\" content=\"1024\" \/>\n\t<meta property=\"og:image:type\" content=\"image\/jpeg\" \/>\n<meta name=\"twitter:card\" content=\"summary_large_image\" \/>\n<meta name=\"twitter:site\" content=\"@streamster\" \/>\n<meta name=\"twitter:label1\" content=\"Tiempo de lectura\" \/>\n\t<meta name=\"twitter:data1\" content=\"4 minutos\" \/>\n<script type=\"application\/ld+json\" class=\"yoast-schema-graph\">{\"@context\":\"https:\/\/schema.org\",\"@graph\":[{\"@type\":\"WebPage\",\"@id\":\"https:\/\/streamster.io\/es\/funciones\/multi-device-workflow\/\",\"url\":\"https:\/\/streamster.io\/es\/funciones\/multi-device-workflow\/\",\"name\":\"Flujo de Trabajo Multidispositivo para Streaming en Vivo | Streamster\",\"isPartOf\":{\"@id\":\"https:\/\/streamster.io\/#website\"},\"primaryImageOfPage\":{\"@id\":\"https:\/\/streamster.io\/es\/funciones\/multi-device-workflow\/#primaryimage\"},\"image\":{\"@id\":\"https:\/\/streamster.io\/es\/funciones\/multi-device-workflow\/#primaryimage\"},\"thumbnailUrl\":\"https:\/\/streamster.io\/wp-content\/uploads\/2026\/01\/1001.jpg\",\"datePublished\":\"2026-01-09T15:20:04+00:00\",\"dateModified\":\"2026-01-09T21:56:45+00:00\",\"description\":\"El flujo de trabajo multidispositivo de Streamster permite combinar PC y m\u00f3vil, cambiar c\u00e1maras f\u00e1cilmente y controlar la transmisi\u00f3n desde cualquier lugar.\",\"breadcrumb\":{\"@id\":\"https:\/\/streamster.io\/es\/funciones\/multi-device-workflow\/#breadcrumb\"},\"inLanguage\":\"es\",\"potentialAction\":[{\"@type\":\"ReadAction\",\"target\":[\"https:\/\/streamster.io\/es\/funciones\/multi-device-workflow\/\"]}]},{\"@type\":\"ImageObject\",\"inLanguage\":\"es\",\"@id\":\"https:\/\/streamster.io\/es\/funciones\/multi-device-workflow\/#primaryimage\",\"url\":\"https:\/\/streamster.io\/wp-content\/uploads\/2026\/01\/1001.jpg\",\"contentUrl\":\"https:\/\/streamster.io\/wp-content\/uploads\/2026\/01\/1001.jpg\",\"width\":1536,\"height\":1024},{\"@type\":\"BreadcrumbList\",\"@id\":\"https:\/\/streamster.io\/es\/funciones\/multi-device-workflow\/#breadcrumb\",\"itemListElement\":[{\"@type\":\"ListItem\",\"position\":1,\"name\":\"Funciones\",\"item\":\"https:\/\/streamster.io\/es\/funciones\/\"},{\"@type\":\"ListItem\",\"position\":2,\"name\":\"Flujo de Trabajo Multidispositivo para Streaming en Vivo\"}]},{\"@type\":\"WebSite\",\"@id\":\"https:\/\/streamster.io\/#website\",\"url\":\"https:\/\/streamster.io\/\",\"name\":\"Streamster\",\"description\":\"Live broadcasting software for multistreaming\",\"publisher\":{\"@id\":\"https:\/\/streamster.io\/#organization\"},\"potentialAction\":[{\"@type\":\"SearchAction\",\"target\":{\"@type\":\"EntryPoint\",\"urlTemplate\":\"https:\/\/streamster.io\/?s={search_term_string}\"},\"query-input\":\"required name=search_term_string\"}],\"inLanguage\":\"es\"},{\"@type\":\"Organization\",\"@id\":\"https:\/\/streamster.io\/#organization\",\"name\":\"Streamster\",\"url\":\"https:\/\/streamster.io\/\",\"logo\":{\"@type\":\"ImageObject\",\"inLanguage\":\"es\",\"@id\":\"https:\/\/streamster.io\/#\/schema\/logo\/image\/\",\"url\":\"https:\/\/streamster.io\/wp-content\/uploads\/2021\/06\/cropped-Streamster.png\",\"contentUrl\":\"https:\/\/streamster.io\/wp-content\/uploads\/2021\/06\/cropped-Streamster.png\",\"width\":512,\"height\":512,\"caption\":\"Streamster\"},\"image\":{\"@id\":\"https:\/\/streamster.io\/#\/schema\/logo\/image\/\"},\"sameAs\":[\"https:\/\/www.facebook.com\/streamster.software\/\",\"https:\/\/x.com\/streamster\",\"https:\/\/www.instagram.com\/streamster_\/\",\"https:\/\/www.linkedin.com\/company\/37003357\/\",\"https:\/\/www.youtube.com\/c\/Streamster\"]}]}<\/script>\n<!-- \/ Yoast SEO plugin. -->","yoast_head_json":{"title":"Flujo de Trabajo Multidispositivo para Streaming en Vivo | Streamster","description":"El flujo de trabajo multidispositivo de Streamster permite combinar PC y m\u00f3vil, cambiar c\u00e1maras f\u00e1cilmente y controlar la transmisi\u00f3n desde cualquier lugar.","robots":{"index":"index","follow":"follow","max-snippet":"max-snippet:-1","max-image-preview":"max-image-preview:large","max-video-preview":"max-video-preview:-1"},"canonical":"https:\/\/streamster.io\/es\/funciones\/multi-device-workflow\/","og_locale":"es_ES","og_type":"article","og_title":"Flujo de Trabajo Multidispositivo para Streaming en Vivo | Streamster","og_description":"El flujo de trabajo multidispositivo de Streamster permite combinar PC y m\u00f3vil, cambiar c\u00e1maras f\u00e1cilmente y controlar la transmisi\u00f3n desde cualquier lugar.","og_url":"https:\/\/streamster.io\/es\/funciones\/multi-device-workflow\/","og_site_name":"Streamster","article_publisher":"https:\/\/www.facebook.com\/streamster.software\/","article_modified_time":"2026-01-09T21:56:45+00:00","og_image":[{"width":1536,"height":1024,"url":"https:\/\/streamster.io\/wp-content\/uploads\/2026\/01\/1001.jpg","type":"image\/jpeg"}],"twitter_card":"summary_large_image","twitter_site":"@streamster","twitter_misc":{"Tiempo de lectura":"4 minutos"},"schema":{"@context":"https:\/\/schema.org","@graph":[{"@type":"WebPage","@id":"https:\/\/streamster.io\/es\/funciones\/multi-device-workflow\/","url":"https:\/\/streamster.io\/es\/funciones\/multi-device-workflow\/","name":"Flujo de Trabajo Multidispositivo para Streaming en Vivo | Streamster","isPartOf":{"@id":"https:\/\/streamster.io\/#website"},"primaryImageOfPage":{"@id":"https:\/\/streamster.io\/es\/funciones\/multi-device-workflow\/#primaryimage"},"image":{"@id":"https:\/\/streamster.io\/es\/funciones\/multi-device-workflow\/#primaryimage"},"thumbnailUrl":"https:\/\/streamster.io\/wp-content\/uploads\/2026\/01\/1001.jpg","datePublished":"2026-01-09T15:20:04+00:00","dateModified":"2026-01-09T21:56:45+00:00","description":"El flujo de trabajo multidispositivo de Streamster permite combinar PC y m\u00f3vil, cambiar c\u00e1maras f\u00e1cilmente y controlar la transmisi\u00f3n desde cualquier lugar.","breadcrumb":{"@id":"https:\/\/streamster.io\/es\/funciones\/multi-device-workflow\/#breadcrumb"},"inLanguage":"es","potentialAction":[{"@type":"ReadAction","target":["https:\/\/streamster.io\/es\/funciones\/multi-device-workflow\/"]}]},{"@type":"ImageObject","inLanguage":"es","@id":"https:\/\/streamster.io\/es\/funciones\/multi-device-workflow\/#primaryimage","url":"https:\/\/streamster.io\/wp-content\/uploads\/2026\/01\/1001.jpg","contentUrl":"https:\/\/streamster.io\/wp-content\/uploads\/2026\/01\/1001.jpg","width":1536,"height":1024},{"@type":"BreadcrumbList","@id":"https:\/\/streamster.io\/es\/funciones\/multi-device-workflow\/#breadcrumb","itemListElement":[{"@type":"ListItem","position":1,"name":"Funciones","item":"https:\/\/streamster.io\/es\/funciones\/"},{"@type":"ListItem","position":2,"name":"Flujo de Trabajo Multidispositivo para Streaming en Vivo"}]},{"@type":"WebSite","@id":"https:\/\/streamster.io\/#website","url":"https:\/\/streamster.io\/","name":"Streamster","description":"Live broadcasting software for multistreaming","publisher":{"@id":"https:\/\/streamster.io\/#organization"},"potentialAction":[{"@type":"SearchAction","target":{"@type":"EntryPoint","urlTemplate":"https:\/\/streamster.io\/?s={search_term_string}"},"query-input":"required name=search_term_string"}],"inLanguage":"es"},{"@type":"Organization","@id":"https:\/\/streamster.io\/#organization","name":"Streamster","url":"https:\/\/streamster.io\/","logo":{"@type":"ImageObject","inLanguage":"es","@id":"https:\/\/streamster.io\/#\/schema\/logo\/image\/","url":"https:\/\/streamster.io\/wp-content\/uploads\/2021\/06\/cropped-Streamster.png","contentUrl":"https:\/\/streamster.io\/wp-content\/uploads\/2021\/06\/cropped-Streamster.png","width":512,"height":512,"caption":"Streamster"},"image":{"@id":"https:\/\/streamster.io\/#\/schema\/logo\/image\/"},"sameAs":["https:\/\/www.facebook.com\/streamster.software\/","https:\/\/x.com\/streamster","https:\/\/www.instagram.com\/streamster_\/","https:\/\/www.linkedin.com\/company\/37003357\/","https:\/\/www.youtube.com\/c\/Streamster"]}]}},"_links":{"self":[{"href":"https:\/\/streamster.io\/es\/wp-json\/wp\/v2\/pages\/29139","targetHints":{"allow":["GET"]}}],"collection":[{"href":"https:\/\/streamster.io\/es\/wp-json\/wp\/v2\/pages"}],"about":[{"href":"https:\/\/streamster.io\/es\/wp-json\/wp\/v2\/types\/page"}],"author":[{"embeddable":true,"href":"https:\/\/streamster.io\/es\/wp-json\/wp\/v2\/users\/1"}],"replies":[{"embeddable":true,"href":"https:\/\/streamster.io\/es\/wp-json\/wp\/v2\/comments?post=29139"}],"version-history":[{"count":4,"href":"https:\/\/streamster.io\/es\/wp-json\/wp\/v2\/pages\/29139\/revisions"}],"predecessor-version":[{"id":29143,"href":"https:\/\/streamster.io\/es\/wp-json\/wp\/v2\/pages\/29139\/revisions\/29143"}],"up":[{"embeddable":true,"href":"https:\/\/streamster.io\/es\/wp-json\/wp\/v2\/pages\/18395"}],"wp:featuredmedia":[{"embeddable":true,"href":"https:\/\/streamster.io\/es\/wp-json\/wp\/v2\/media\/29116"}],"wp:attachment":[{"href":"https:\/\/streamster.io\/es\/wp-json\/wp\/v2\/media?parent=29139"}],"curies":[{"name":"wp","href":"https:\/\/api.w.org\/{rel}","templated":true}]}}