{"id":5062,"date":"2021-06-22T13:45:15","date_gmt":"2021-06-22T13:45:15","guid":{"rendered":"http:\/\/streamster.io\/?page_id=5062"},"modified":"2024-01-09T13:40:18","modified_gmt":"2024-01-09T13:40:18","slug":"programa-de-afiliados","status":"publish","type":"page","link":"https:\/\/streamster.io\/es\/programa-de-afiliados\/","title":{"rendered":"Programa de referencia"},"content":{"rendered":"<div class=\"wpb-content-wrapper\"><p>[vc_row][vc_column][tm_spacer size=\u00bbsm:30;lg:60&#8243;][tm_heading tag=\u00bbdiv\u00bb custom_google_font=\u00bb\u00bb font_weight=\u00bb300&#8243; animation=\u00bbmove-right\u00bb font_size=\u00bblg:18&#8243; line_height=\u00bb2&#8243;]Si utiliza Streamster y ya est\u00e1 convencido de la calidad de nuestros servicios, o si es un editor que genera ingresos a trav\u00e9s del marketing de afiliaci\u00f3n, le invitamos a unirse a nuestro programa de recompensas. Puedes ayudarnos a contarle al mundo acerca de nuestros productos y ganar algo de dinero.[\/tm_heading][tm_spacer size=\u00bblg:40&#8243;][\/vc_column][\/vc_row][vc_row content_placement=\u00bbmiddle\u00bb][vc_column content_position=\u00bbmiddle\u00bb offset=\u00bbvc_col-lg-6 vc_col-md-12&#8243;][tm_heading tag=\u00bbdiv\u00bb custom_google_font=\u00bb\u00bb font_weight=\u00bb600&#8243; animation=\u00bbmove-left\u00bb line_height=\u00bb2&#8243; font_size=\u00bblg:18&#8243;]Permita que sus amigos obtengan beneficios al registrarse en Streamster&#8230;[\/tm_heading][tm_spacer size=\u00bblg:10&#8243;][tm_heading tag=\u00bbdiv\u00bb custom_google_font=\u00bb\u00bb font_weight=\u00bb300&#8243; animation=\u00bbmove-right\u00bb font_size=\u00bblg:18&#8243; line_height=\u00bb2&#8243;]Los usuarios que crean una cuenta con su enlace de referencia o c\u00f3digo de promoci\u00f3n reciben un bono de $10 en sus dep\u00f3sitos. Se puede utilizar para cualquier servicio Streamster pago que necesiten, incluidas suscripciones y pagos por uso.[\/tm_heading][tm_spacer size=\u00bblg:20&#8243;][tm_heading tag=\u00bbdiv\u00bb custom_google_font=\u00bb\u00bb font_weight=\u00bb600&#8243; animation=\u00bbmove-left\u00bb line_height=\u00bb2&#8243; font_size=\u00bblg:18&#8243;]&#8230;y reciban pagos cuando compren un plan de tarifa paga[\/tm_heading][tm_spacer size=\u00bblg:10&#8243;][tm_heading tag=\u00bbdiv\u00bb custom_google_font=\u00bb\u00bb font_weight=\u00bb300&#8243; animation=\u00bbmove-right\u00bb font_size=\u00bblg:18&#8243; line_height=\u00bb2&#8243;]Obtenga una recompensa de $10 una vez que su referido compre cualquier suscripci\u00f3n paga y el 10% de todas sus compras con Streamster de por vida. Utilice su recompensa para pagar cualquier servicio de Streamster o ret\u00edrela en efectivo.[\/tm_heading][tm_spacer size=\u00bbxs:30;sm:30;md:30&#8243;][\/vc_column][vc_column offset=\u00bbvc_col-lg-6 vc_col-md-12&#8243; lg_spacing=\u00bbpadding_left:80&#8243; md_spacing=\u00bbpadding_left:15&#8243;][tm_image action=\u00bbpopup\u00bb align=\u00bbcenter\u00bb md_align=\u00bbleft\u00bb sm_align=\u00bbleft\u00bb image=\u00bb23908&#8243; rounded=\u00bb7&#8243;][tm_spacer size=\u00bbxs:30;sm:30&#8243;][\/vc_column][\/vc_row][vc_row][vc_column][tm_spacer size=\u00bbsm:40;lg:80&#8243;][\/vc_column][\/vc_row][vc_row][vc_column offset=\u00bbvc_col-lg-6 vc_col-md-12 vc_col-xs-12&#8243;][tm_button full_wide=\u00bb1&#8243; button=\u00bburl:https%3A%2F%2Fapp.streamster.io%2Frefer-a-friend|title:EMPEZAR%20A%20GANAR|target:_blank\u00bb icon_align=\u00bbleft\u00bb icon_type=\u00bbfontawesome5&#8243; icon_fontawesome5=\u00bbfar fa-money-bill-alt\u00bb color=\u00bbcustom\u00bb button_bg_color=\u00bbcustom\u00bb custom_button_bg_color=\u00bb#62a22a\u00bb lg_spacing=\u00bbmargin_right:65&#8243; md_spacing=\u00bbmargin_right:0&#8243;][tm_spacer size=\u00bbsm:20;md:20;lg:0&#8243;][\/vc_column][vc_column offset=\u00bbvc_col-lg-6 vc_col-md-12&#8243;][tm_button full_wide=\u00bb1&#8243; button=\u00bburl:https%3A%2F%2Fdocs.streamster.io%2Fdocs%2Faccount%2Faffiliate-program-5707%2Fgetting-started-with-streamster-referral-program-7994%2F|title:APRENDE%20M%C3%81S|target:_blank\u00bb icon_align=\u00bbleft\u00bb align=\u00bbright\u00bb md_align=\u00bbleft\u00bb sm_align=\u00bbleft\u00bb xs_align=\u00bbleft\u00bb icon_type=\u00bbfontawesome5&#8243; icon_fontawesome5=\u00bbfal fa-info-circle\u00bb color=\u00bbcustom\u00bb button_bg_color=\u00bbcustom\u00bb custom_button_bg_color=\u00bb#3e6c97&#8243; lg_spacing=\u00bbmargin_left:65&#8243; md_spacing=\u00bbmargin_left:0&#8243;][\/vc_column][\/vc_row][vc_row][vc_column][tm_spacer size=\u00bbsm:30;lg:70&#8243;][\/vc_column][\/vc_row][vc_row full_width=\u00bbstretch_row_content_no_spaces\u00bb][vc_column][vc_separator color=\u00bbblue\u00bb border_width=\u00bb2&#8243;][\/vc_column][\/vc_row]<\/p>\n<\/div>","protected":false},"excerpt":{"rendered":"<p>[vc_row][vc_column][tm_spacer size=\u00bbsm:30;lg:60&#8243;][tm_heading tag=\u00bbdiv\u00bb custom_google_font=\u00bb\u00bb font_weight=\u00bb300&#8243; animation=\u00bbmove-right\u00bb font_size=\u00bblg:18&#8243; line_height=\u00bb2&#8243;]Si utiliza Streamster y ya est\u00e1 convencido de la calidad de nuestros servicios, o si es un editor que genera ingresos a trav\u00e9s del marketing de afiliaci\u00f3n, le invitamos a unirse a nuestro programa de recompensas. Puedes ayudarnos a contarle al mundo acerca de nuestros productos y ganar algo de dinero.[\/tm_heading][tm_spacer size=\u00bblg:40&#8243;][\/vc_column][\/vc_row][vc_row content_placement=\u00bbmiddle\u00bb][vc_column content_position=\u00bbmiddle\u00bb offset=\u00bbvc_col-lg-6 vc_col-md-12&#8243;][tm_heading tag=\u00bbdiv\u00bb custom_google_font=\u00bb\u00bb font_weight=\u00bb600&#8243; animation=\u00bbmove-left\u00bb line_height=\u00bb2&#8243; font_size=\u00bblg:18&#8243;]Permita que sus amigos obtengan beneficios al registrarse en Streamster&#8230;[\/tm_heading][tm_spacer size=\u00bblg:10&#8243;][tm_heading tag=\u00bbdiv\u00bb custom_google_font=\u00bb\u00bb font_weight=\u00bb300&#8243; animation=\u00bbmove-right\u00bb font_size=\u00bblg:18&#8243; line_height=\u00bb2&#8243;]Los usuarios que crean una cuenta con su enlace de referencia o c\u00f3digo de promoci\u00f3n reciben un bono de $10 en sus dep\u00f3sitos. Se puede utilizar para cualquier servicio Streamster pago que necesiten, incluidas suscripciones y pagos por uso.[\/tm_heading][tm_spacer size=\u00bblg:20&#8243;][tm_heading tag=\u00bbdiv\u00bb custom_google_font=\u00bb\u00bb font_weight=\u00bb600&#8243; animation=\u00bbmove-left\u00bb line_height=\u00bb2&#8243; font_size=\u00bblg:18&#8243;]&#8230;y reciban pagos cuando compren un plan de tarifa paga[\/tm_heading][tm_spacer size=\u00bblg:10&#8243;][tm_heading tag=\u00bbdiv\u00bb custom_google_font=\u00bb\u00bb font_weight=\u00bb300&#8243; animation=\u00bbmove-right\u00bb font_size=\u00bblg:18&#8243; line_height=\u00bb2&#8243;]Obtenga una recompensa de $10 una vez que su referido compre cualquier suscripci\u00f3n paga y el 10% de todas sus compras con Streamster de por vida. Utilice su recompensa para pagar cualquier servicio de Streamster o ret\u00edrela en efectivo.[\/tm_heading][tm_spacer size=\u00bbxs:30;sm:30;md:30&#8243;][\/vc_column][vc_column offset=\u00bbvc_col-lg-6 vc_col-md-12&#8243; lg_spacing=\u00bbpadding_left:80&#8243; md_spacing=\u00bbpadding_left:15&#8243;][tm_image action=\u00bbpopup\u00bb align=\u00bbcenter\u00bb md_align=\u00bbleft\u00bb sm_align=\u00bbleft\u00bb image=\u00bb23908&#8243; rounded=\u00bb7&#8243;][tm_spacer size=\u00bbxs:30;sm:30&#8243;][\/vc_column][\/vc_row][vc_row][vc_column][tm_spacer size=\u00bbsm:40;lg:80&#8243;][\/vc_column][\/vc_row][vc_row][vc_column offset=\u00bbvc_col-lg-6 vc_col-md-12 vc_col-xs-12&#8243;][tm_button full_wide=\u00bb1&#8243; button=\u00bburl:https%3A%2F%2Fapp.streamster.io%2Frefer-a-friend|title:EMPEZAR%20A%20GANAR|target:_blank\u00bb icon_align=\u00bbleft\u00bb icon_type=\u00bbfontawesome5&#8243; icon_fontawesome5=\u00bbfar fa-money-bill-alt\u00bb color=\u00bbcustom\u00bb button_bg_color=\u00bbcustom\u00bb custom_button_bg_color=\u00bb#62a22a\u00bb lg_spacing=\u00bbmargin_right:65&#8243; md_spacing=\u00bbmargin_right:0&#8243;][tm_spacer size=\u00bbsm:20;md:20;lg:0&#8243;][\/vc_column][vc_column offset=\u00bbvc_col-lg-6 vc_col-md-12&#8243;][tm_button full_wide=\u00bb1&#8243; button=\u00bburl:https%3A%2F%2Fdocs.streamster.io%2Fdocs%2Faccount%2Faffiliate-program-5707%2Fgetting-started-with-streamster-referral-program-7994%2F|title:APRENDE%20M%C3%81S|target:_blank\u00bb icon_align=\u00bbleft\u00bb align=\u00bbright\u00bb md_align=\u00bbleft\u00bb sm_align=\u00bbleft\u00bb xs_align=\u00bbleft\u00bb icon_type=\u00bbfontawesome5&#8243; icon_fontawesome5=\u00bbfal fa-info-circle\u00bb color=\u00bbcustom\u00bb button_bg_color=\u00bbcustom\u00bb custom_button_bg_color=\u00bb#3e6c97&#8243; lg_spacing=\u00bbmargin_left:65&#8243; md_spacing=\u00bbmargin_left:0&#8243;][\/vc_column][\/vc_row][vc_row][vc_column][tm_spacer size=\u00bbsm:30;lg:70&#8243;][\/vc_column][\/vc_row][vc_row full_width=\u00bbstretch_row_content_no_spaces\u00bb][vc_column][vc_separator color=\u00bbblue\u00bb border_width=\u00bb2&#8243;][\/vc_column][\/vc_row]<\/p>\n","protected":false},"author":1,"featured_media":0,"parent":0,"menu_order":0,"comment_status":"closed","ping_status":"closed","template":"","meta":{"inline_featured_image":false,"footnotes":""},"class_list":["post-5062","page","type-page","status-publish","hentry","post-no-thumbnail"],"yoast_head":"<!-- This site is optimized with the Yoast SEO plugin v22.5 - https:\/\/yoast.com\/wordpress\/plugins\/seo\/ -->\n<title>Programa de referencia | Streamster<\/title>\n<meta name=\"robots\" content=\"index, follow, max-snippet:-1, max-image-preview:large, max-video-preview:-1\" \/>\n<link rel=\"canonical\" href=\"https:\/\/streamster.io\/affiliate-program\/\" \/>\n<meta property=\"og:locale\" content=\"es_ES\" \/>\n<meta property=\"og:type\" content=\"article\" \/>\n<meta property=\"og:title\" content=\"Programa de referencia | Streamster\" \/>\n<meta property=\"og:description\" content=\"[vc_row][vc_column][tm_spacer size=\u00bbsm:30;lg:60&#8243;][tm_heading tag=\u00bbdiv\u00bb custom_google_font=\u00bb\u00bb font_weight=\u00bb300&#8243; animation=\u00bbmove-right\u00bb font_size=\u00bblg:18&#8243; line_height=\u00bb2&#8243;]Si utiliza Streamster y ya est\u00e1 convencido de la calidad de nuestros servicios, o si es un editor que genera ingresos a trav\u00e9s del marketing de afiliaci\u00f3n, le invitamos a unirse a nuestro programa de recompensas. Puedes ayudarnos a contarle al mundo acerca de nuestros productos y ganar algo de dinero.[\/tm_heading][tm_spacer size=\u00bblg:40&#8243;][\/vc_column][\/vc_row][vc_row content_placement=\u00bbmiddle\u00bb][vc_column content_position=\u00bbmiddle\u00bb offset=\u00bbvc_col-lg-6 vc_col-md-12&#8243;][tm_heading tag=\u00bbdiv\u00bb custom_google_font=\u00bb\u00bb font_weight=\u00bb600&#8243; animation=\u00bbmove-left\u00bb line_height=\u00bb2&#8243; font_size=\u00bblg:18&#8243;]Permita que sus amigos obtengan beneficios al registrarse en Streamster&#8230;[\/tm_heading][tm_spacer size=\u00bblg:10&#8243;][tm_heading tag=\u00bbdiv\u00bb custom_google_font=\u00bb\u00bb font_weight=\u00bb300&#8243; animation=\u00bbmove-right\u00bb font_size=\u00bblg:18&#8243; line_height=\u00bb2&#8243;]Los usuarios que crean una cuenta con su enlace de referencia o c\u00f3digo de promoci\u00f3n reciben un bono de $10 en sus dep\u00f3sitos. Se puede utilizar para cualquier servicio Streamster pago que necesiten, incluidas suscripciones y pagos por uso.[\/tm_heading][tm_spacer size=\u00bblg:20&#8243;][tm_heading tag=\u00bbdiv\u00bb custom_google_font=\u00bb\u00bb font_weight=\u00bb600&#8243; animation=\u00bbmove-left\u00bb line_height=\u00bb2&#8243; font_size=\u00bblg:18&#8243;]&#8230;y reciban pagos cuando compren un plan de tarifa paga[\/tm_heading][tm_spacer size=\u00bblg:10&#8243;][tm_heading tag=\u00bbdiv\u00bb custom_google_font=\u00bb\u00bb font_weight=\u00bb300&#8243; animation=\u00bbmove-right\u00bb font_size=\u00bblg:18&#8243; line_height=\u00bb2&#8243;]Obtenga una recompensa de $10 una vez que su referido compre cualquier suscripci\u00f3n paga y el 10% de todas sus compras con Streamster de por vida. Utilice su recompensa para pagar cualquier servicio de Streamster o ret\u00edrela en efectivo.[\/tm_heading][tm_spacer size=\u00bbxs:30;sm:30;md:30&#8243;][\/vc_column][vc_column offset=\u00bbvc_col-lg-6 vc_col-md-12&#8243; lg_spacing=\u00bbpadding_left:80&#8243; md_spacing=\u00bbpadding_left:15&#8243;][tm_image action=\u00bbpopup\u00bb align=\u00bbcenter\u00bb md_align=\u00bbleft\u00bb sm_align=\u00bbleft\u00bb image=\u00bb23908&#8243; rounded=\u00bb7&#8243;][tm_spacer size=\u00bbxs:30;sm:30&#8243;][\/vc_column][\/vc_row][vc_row][vc_column][tm_spacer size=\u00bbsm:40;lg:80&#8243;][\/vc_column][\/vc_row][vc_row][vc_column offset=\u00bbvc_col-lg-6 vc_col-md-12 vc_col-xs-12&#8243;][tm_button full_wide=\u00bb1&#8243; button=\u00bburl:https%3A%2F%2Fapp.streamster.io%2Frefer-a-friend|title:EMPEZAR%20A%20GANAR|target:_blank\u00bb icon_align=\u00bbleft\u00bb icon_type=\u00bbfontawesome5&#8243; icon_fontawesome5=\u00bbfar fa-money-bill-alt\u00bb color=\u00bbcustom\u00bb button_bg_color=\u00bbcustom\u00bb custom_button_bg_color=\u00bb#62a22a\u00bb lg_spacing=\u00bbmargin_right:65&#8243; md_spacing=\u00bbmargin_right:0&#8243;][tm_spacer size=\u00bbsm:20;md:20;lg:0&#8243;][\/vc_column][vc_column offset=\u00bbvc_col-lg-6 vc_col-md-12&#8243;][tm_button full_wide=\u00bb1&#8243; button=\u00bburl:https%3A%2F%2Fdocs.streamster.io%2Fdocs%2Faccount%2Faffiliate-program-5707%2Fgetting-started-with-streamster-referral-program-7994%2F|title:APRENDE%20M%C3%81S|target:_blank\u00bb icon_align=\u00bbleft\u00bb align=\u00bbright\u00bb md_align=\u00bbleft\u00bb sm_align=\u00bbleft\u00bb xs_align=\u00bbleft\u00bb icon_type=\u00bbfontawesome5&#8243; icon_fontawesome5=\u00bbfal fa-info-circle\u00bb color=\u00bbcustom\u00bb button_bg_color=\u00bbcustom\u00bb custom_button_bg_color=\u00bb#3e6c97&#8243; lg_spacing=\u00bbmargin_left:65&#8243; md_spacing=\u00bbmargin_left:0&#8243;][\/vc_column][\/vc_row][vc_row][vc_column][tm_spacer size=\u00bbsm:30;lg:70&#8243;][\/vc_column][\/vc_row][vc_row full_width=\u00bbstretch_row_content_no_spaces\u00bb][vc_column][vc_separator color=\u00bbblue\u00bb border_width=\u00bb2&#8243;][\/vc_column][\/vc_row]\" \/>\n<meta property=\"og:url\" content=\"https:\/\/streamster.io\/affiliate-program\/\" \/>\n<meta property=\"og:site_name\" content=\"Streamster\" \/>\n<meta property=\"article:publisher\" content=\"https:\/\/www.facebook.com\/streamster.software\/\" \/>\n<meta property=\"article:modified_time\" content=\"2024-01-09T13:40:18+00:00\" \/>\n<meta property=\"og:image\" content=\"https:\/\/streamster.io\/wp-content\/uploads\/2021\/11\/Streamster-free-live-broadcasting-software-for-multistreaming.jpg\" \/>\n\t<meta property=\"og:image:width\" content=\"1200\" \/>\n\t<meta property=\"og:image:height\" content=\"548\" \/>\n\t<meta property=\"og:image:type\" content=\"image\/jpeg\" \/>\n<meta name=\"twitter:card\" content=\"summary_large_image\" \/>\n<meta name=\"twitter:site\" content=\"@streamster\" \/>\n<meta name=\"twitter:label1\" content=\"Tiempo de lectura\" \/>\n\t<meta name=\"twitter:data1\" content=\"1 minuto\" \/>\n<script type=\"application\/ld+json\" class=\"yoast-schema-graph\">{\"@context\":\"https:\/\/schema.org\",\"@graph\":[{\"@type\":\"WebPage\",\"@id\":\"https:\/\/streamster.io\/affiliate-program\/\",\"url\":\"https:\/\/streamster.io\/affiliate-program\/\",\"name\":\"Programa de referencia | Streamster\",\"isPartOf\":{\"@id\":\"https:\/\/streamster.io\/#website\"},\"datePublished\":\"2021-06-22T13:45:15+00:00\",\"dateModified\":\"2024-01-09T13:40:18+00:00\",\"inLanguage\":\"es\",\"potentialAction\":[{\"@type\":\"ReadAction\",\"target\":[\"https:\/\/streamster.io\/affiliate-program\/\"]}]},{\"@type\":\"WebSite\",\"@id\":\"https:\/\/streamster.io\/#website\",\"url\":\"https:\/\/streamster.io\/\",\"name\":\"Streamster\",\"description\":\"Live broadcasting software for multistreaming\",\"publisher\":{\"@id\":\"https:\/\/streamster.io\/#organization\"},\"potentialAction\":[{\"@type\":\"SearchAction\",\"target\":{\"@type\":\"EntryPoint\",\"urlTemplate\":\"https:\/\/streamster.io\/?s={search_term_string}\"},\"query-input\":\"required name=search_term_string\"}],\"inLanguage\":\"es\"},{\"@type\":\"Organization\",\"@id\":\"https:\/\/streamster.io\/#organization\",\"name\":\"Streamster\",\"url\":\"https:\/\/streamster.io\/\",\"logo\":{\"@type\":\"ImageObject\",\"inLanguage\":\"es\",\"@id\":\"https:\/\/streamster.io\/#\/schema\/logo\/image\/\",\"url\":\"https:\/\/streamster.io\/wp-content\/uploads\/2021\/06\/cropped-Streamster.png\",\"contentUrl\":\"https:\/\/streamster.io\/wp-content\/uploads\/2021\/06\/cropped-Streamster.png\",\"width\":512,\"height\":512,\"caption\":\"Streamster\"},\"image\":{\"@id\":\"https:\/\/streamster.io\/#\/schema\/logo\/image\/\"},\"sameAs\":[\"https:\/\/www.facebook.com\/streamster.software\/\",\"https:\/\/x.com\/streamster\",\"https:\/\/www.instagram.com\/streamster_\/\",\"https:\/\/www.linkedin.com\/company\/37003357\/\",\"https:\/\/www.youtube.com\/c\/Streamster\"]}]}<\/script>\n<!-- \/ Yoast SEO plugin. -->","yoast_head_json":{"title":"Programa de referencia | Streamster","robots":{"index":"index","follow":"follow","max-snippet":"max-snippet:-1","max-image-preview":"max-image-preview:large","max-video-preview":"max-video-preview:-1"},"canonical":"https:\/\/streamster.io\/affiliate-program\/","og_locale":"es_ES","og_type":"article","og_title":"Programa de referencia | Streamster","og_description":"[vc_row][vc_column][tm_spacer size=\u00bbsm:30;lg:60&#8243;][tm_heading tag=\u00bbdiv\u00bb custom_google_font=\u00bb\u00bb font_weight=\u00bb300&#8243; animation=\u00bbmove-right\u00bb font_size=\u00bblg:18&#8243; line_height=\u00bb2&#8243;]Si utiliza Streamster y ya est\u00e1 convencido de la calidad de nuestros servicios, o si es un editor que genera ingresos a trav\u00e9s del marketing de afiliaci\u00f3n, le invitamos a unirse a nuestro programa de recompensas. Puedes ayudarnos a contarle al mundo acerca de nuestros productos y ganar algo de dinero.[\/tm_heading][tm_spacer size=\u00bblg:40&#8243;][\/vc_column][\/vc_row][vc_row content_placement=\u00bbmiddle\u00bb][vc_column content_position=\u00bbmiddle\u00bb offset=\u00bbvc_col-lg-6 vc_col-md-12&#8243;][tm_heading tag=\u00bbdiv\u00bb custom_google_font=\u00bb\u00bb font_weight=\u00bb600&#8243; animation=\u00bbmove-left\u00bb line_height=\u00bb2&#8243; font_size=\u00bblg:18&#8243;]Permita que sus amigos obtengan beneficios al registrarse en Streamster&#8230;[\/tm_heading][tm_spacer size=\u00bblg:10&#8243;][tm_heading tag=\u00bbdiv\u00bb custom_google_font=\u00bb\u00bb font_weight=\u00bb300&#8243; animation=\u00bbmove-right\u00bb font_size=\u00bblg:18&#8243; line_height=\u00bb2&#8243;]Los usuarios que crean una cuenta con su enlace de referencia o c\u00f3digo de promoci\u00f3n reciben un bono de $10 en sus dep\u00f3sitos. Se puede utilizar para cualquier servicio Streamster pago que necesiten, incluidas suscripciones y pagos por uso.[\/tm_heading][tm_spacer size=\u00bblg:20&#8243;][tm_heading tag=\u00bbdiv\u00bb custom_google_font=\u00bb\u00bb font_weight=\u00bb600&#8243; animation=\u00bbmove-left\u00bb line_height=\u00bb2&#8243; font_size=\u00bblg:18&#8243;]&#8230;y reciban pagos cuando compren un plan de tarifa paga[\/tm_heading][tm_spacer size=\u00bblg:10&#8243;][tm_heading tag=\u00bbdiv\u00bb custom_google_font=\u00bb\u00bb font_weight=\u00bb300&#8243; animation=\u00bbmove-right\u00bb font_size=\u00bblg:18&#8243; line_height=\u00bb2&#8243;]Obtenga una recompensa de $10 una vez que su referido compre cualquier suscripci\u00f3n paga y el 10% de todas sus compras con Streamster de por vida. Utilice su recompensa para pagar cualquier servicio de Streamster o ret\u00edrela en efectivo.[\/tm_heading][tm_spacer size=\u00bbxs:30;sm:30;md:30&#8243;][\/vc_column][vc_column offset=\u00bbvc_col-lg-6 vc_col-md-12&#8243; lg_spacing=\u00bbpadding_left:80&#8243; md_spacing=\u00bbpadding_left:15&#8243;][tm_image action=\u00bbpopup\u00bb align=\u00bbcenter\u00bb md_align=\u00bbleft\u00bb sm_align=\u00bbleft\u00bb image=\u00bb23908&#8243; rounded=\u00bb7&#8243;][tm_spacer size=\u00bbxs:30;sm:30&#8243;][\/vc_column][\/vc_row][vc_row][vc_column][tm_spacer size=\u00bbsm:40;lg:80&#8243;][\/vc_column][\/vc_row][vc_row][vc_column offset=\u00bbvc_col-lg-6 vc_col-md-12 vc_col-xs-12&#8243;][tm_button full_wide=\u00bb1&#8243; button=\u00bburl:https%3A%2F%2Fapp.streamster.io%2Frefer-a-friend|title:EMPEZAR%20A%20GANAR|target:_blank\u00bb icon_align=\u00bbleft\u00bb icon_type=\u00bbfontawesome5&#8243; icon_fontawesome5=\u00bbfar fa-money-bill-alt\u00bb color=\u00bbcustom\u00bb button_bg_color=\u00bbcustom\u00bb custom_button_bg_color=\u00bb#62a22a\u00bb lg_spacing=\u00bbmargin_right:65&#8243; md_spacing=\u00bbmargin_right:0&#8243;][tm_spacer size=\u00bbsm:20;md:20;lg:0&#8243;][\/vc_column][vc_column offset=\u00bbvc_col-lg-6 vc_col-md-12&#8243;][tm_button full_wide=\u00bb1&#8243; button=\u00bburl:https%3A%2F%2Fdocs.streamster.io%2Fdocs%2Faccount%2Faffiliate-program-5707%2Fgetting-started-with-streamster-referral-program-7994%2F|title:APRENDE%20M%C3%81S|target:_blank\u00bb icon_align=\u00bbleft\u00bb align=\u00bbright\u00bb md_align=\u00bbleft\u00bb sm_align=\u00bbleft\u00bb xs_align=\u00bbleft\u00bb icon_type=\u00bbfontawesome5&#8243; icon_fontawesome5=\u00bbfal fa-info-circle\u00bb color=\u00bbcustom\u00bb button_bg_color=\u00bbcustom\u00bb custom_button_bg_color=\u00bb#3e6c97&#8243; lg_spacing=\u00bbmargin_left:65&#8243; md_spacing=\u00bbmargin_left:0&#8243;][\/vc_column][\/vc_row][vc_row][vc_column][tm_spacer size=\u00bbsm:30;lg:70&#8243;][\/vc_column][\/vc_row][vc_row full_width=\u00bbstretch_row_content_no_spaces\u00bb][vc_column][vc_separator color=\u00bbblue\u00bb border_width=\u00bb2&#8243;][\/vc_column][\/vc_row]","og_url":"https:\/\/streamster.io\/affiliate-program\/","og_site_name":"Streamster","article_publisher":"https:\/\/www.facebook.com\/streamster.software\/","article_modified_time":"2024-01-09T13:40:18+00:00","og_image":[{"width":1200,"height":548,"url":"https:\/\/streamster.io\/wp-content\/uploads\/2021\/11\/Streamster-free-live-broadcasting-software-for-multistreaming.jpg","type":"image\/jpeg"}],"twitter_card":"summary_large_image","twitter_site":"@streamster","twitter_misc":{"Tiempo de lectura":"1 minuto"},"schema":{"@context":"https:\/\/schema.org","@graph":[{"@type":"WebPage","@id":"https:\/\/streamster.io\/affiliate-program\/","url":"https:\/\/streamster.io\/affiliate-program\/","name":"Programa de referencia | Streamster","isPartOf":{"@id":"https:\/\/streamster.io\/#website"},"datePublished":"2021-06-22T13:45:15+00:00","dateModified":"2024-01-09T13:40:18+00:00","inLanguage":"es","potentialAction":[{"@type":"ReadAction","target":["https:\/\/streamster.io\/affiliate-program\/"]}]},{"@type":"WebSite","@id":"https:\/\/streamster.io\/#website","url":"https:\/\/streamster.io\/","name":"Streamster","description":"Live broadcasting software for multistreaming","publisher":{"@id":"https:\/\/streamster.io\/#organization"},"potentialAction":[{"@type":"SearchAction","target":{"@type":"EntryPoint","urlTemplate":"https:\/\/streamster.io\/?s={search_term_string}"},"query-input":"required name=search_term_string"}],"inLanguage":"es"},{"@type":"Organization","@id":"https:\/\/streamster.io\/#organization","name":"Streamster","url":"https:\/\/streamster.io\/","logo":{"@type":"ImageObject","inLanguage":"es","@id":"https:\/\/streamster.io\/#\/schema\/logo\/image\/","url":"https:\/\/streamster.io\/wp-content\/uploads\/2021\/06\/cropped-Streamster.png","contentUrl":"https:\/\/streamster.io\/wp-content\/uploads\/2021\/06\/cropped-Streamster.png","width":512,"height":512,"caption":"Streamster"},"image":{"@id":"https:\/\/streamster.io\/#\/schema\/logo\/image\/"},"sameAs":["https:\/\/www.facebook.com\/streamster.software\/","https:\/\/x.com\/streamster","https:\/\/www.instagram.com\/streamster_\/","https:\/\/www.linkedin.com\/company\/37003357\/","https:\/\/www.youtube.com\/c\/Streamster"]}]}},"_links":{"self":[{"href":"https:\/\/streamster.io\/es\/wp-json\/wp\/v2\/pages\/5062","targetHints":{"allow":["GET"]}}],"collection":[{"href":"https:\/\/streamster.io\/es\/wp-json\/wp\/v2\/pages"}],"about":[{"href":"https:\/\/streamster.io\/es\/wp-json\/wp\/v2\/types\/page"}],"author":[{"embeddable":true,"href":"https:\/\/streamster.io\/es\/wp-json\/wp\/v2\/users\/1"}],"replies":[{"embeddable":true,"href":"https:\/\/streamster.io\/es\/wp-json\/wp\/v2\/comments?post=5062"}],"version-history":[{"count":0,"href":"https:\/\/streamster.io\/es\/wp-json\/wp\/v2\/pages\/5062\/revisions"}],"wp:attachment":[{"href":"https:\/\/streamster.io\/es\/wp-json\/wp\/v2\/media?parent=5062"}],"curies":[{"name":"wp","href":"https:\/\/api.w.org\/{rel}","templated":true}]}}